{"id":1022,"date":"2019-12-23T19:49:02","date_gmt":"2019-12-23T23:49:02","guid":{"rendered":"http:\/\/rda.llevitate.com\/seguros\/"},"modified":"2025-05-19T08:53:47","modified_gmt":"2025-05-19T12:53:47","slug":"seguros","status":"publish","type":"page","link":"https:\/\/www.realestate.rdassistance.com\/es\/seguros\/","title":{"rendered":"Seguros"},"content":{"rendered":"<p>[et_pb_section fb_built=&#8221;1&#8243; admin_label=&#8221;Hero section&#8221; _builder_version=&#8221;4.16&#8243; use_background_color_gradient=&#8221;on&#8221; background_color_gradient_stops=&#8221;rgba(150,105,97,0) 0%|rgba(2,0,76,0) 100%&#8221; background_color_gradient_overlays_image=&#8221;on&#8221; background_color_gradient_start=&#8221;rgba(150,105,97,0)&#8221; background_color_gradient_end=&#8221;rgba(2,0,76,0)&#8221; background_image=&#8221;https:\/\/realestate.rdassistance.com\/wp-content\/uploads\/2019\/12\/ulises-baga-oRYOOjvPq8E-unsplash.jpg&#8221; custom_margin=&#8221;|||&#8221; custom_padding=&#8221;4%||0%|||&#8221; global_colors_info=&#8221;{}&#8221;][et_pb_row column_structure=&#8221;2_3,1_3&#8243; _builder_version=&#8221;4.16&#8243; custom_margin=&#8221;|||&#8221; global_colors_info=&#8221;{}&#8221;][et_pb_column type=&#8221;2_3&#8243; _builder_version=&#8221;4.16&#8243; custom_padding=&#8221;1px|||&#8221; global_colors_info=&#8221;{}&#8221; custom_padding__hover=&#8221;|||&#8221;][et_pb_text _builder_version=&#8221;4.16&#8243; text_font=&#8221;Lato||||||||&#8221; text_font_size=&#8221;20px&#8221; text_line_height=&#8221;1.8em&#8221; header_font=&#8221;Lato|900|||||||&#8221; header_font_size=&#8221;80px&#8221; header_letter_spacing=&#8221;2px&#8221; header_line_height=&#8221;1.2em&#8221; background_layout=&#8221;dark&#8221; header_font_size_tablet=&#8221;46px&#8221; header_font_size_phone=&#8221;&#8221; header_font_size_last_edited=&#8221;on|tablet&#8221; global_colors_info=&#8221;{}&#8221;]<\/p>\n<h1>Seguros<\/h1>\n<p>&nbsp;<\/p>\n<p>[\/et_pb_text][\/et_pb_column][et_pb_column type=&#8221;1_3&#8243; _builder_version=&#8221;4.16&#8243; custom_padding=&#8221;|||&#8221; global_colors_info=&#8221;{}&#8221; custom_padding__hover=&#8221;|||&#8221;][\/et_pb_column][\/et_pb_row][\/et_pb_section][et_pb_section fb_built=&#8221;1&#8243; _builder_version=&#8221;4.16&#8243; background_color=&#8221;#ffffff&#8221; background_position=&#8221;top_center&#8221; custom_margin=&#8221;|||&#8221; custom_padding=&#8221;100px||62px|||&#8221; global_colors_info=&#8221;{}&#8221;][et_pb_row _builder_version=&#8221;4.16&#8243; custom_padding=&#8221;||0px|||&#8221; global_colors_info=&#8221;{}&#8221;][et_pb_column type=&#8221;4_4&#8243; _builder_version=&#8221;4.16&#8243; global_colors_info=&#8221;{}&#8221;][et_pb_text _builder_version=&#8221;4.16&#8243; text_font=&#8221;Open Sans||||||||&#8221; text_line_height=&#8221;1.5em&#8221; header_2_font=&#8221;Lato|700|||||||&#8221; header_2_font_size=&#8221;30px&#8221; header_5_font=&#8221;Lato||||||||&#8221; header_5_text_align=&#8221;center&#8221; text_orientation=&#8221;center&#8221; module_alignment=&#8221;center&#8221; custom_padding=&#8221;||0px|||&#8221; global_colors_info=&#8221;{}&#8221;]<\/p>\n<div class=\"vc_separator wpb_content_element\">\n<h2 class=\"title\">Agentes y corredores de seguros<\/h2>\n<\/div>\n<div class=\"wpb_text_column wpb_content_element\">\n<div class=\"wpb_wrapper\">\n<p style=\"text-align: left;\">Rd Assistance tambi\u00e9n se ocupa de tu seguridad, adem\u00e1s de todos nuestros servicios, te ofrecemos el servicio m\u00e1s importante, un seguro para tu salud, tu veh\u00edculo, tu hogar, tu vida y mucho m\u00e1s.<\/p>\n<p style=\"text-align: left;\">Tambi\u00e9n te ayudamos a que tus viajes sean seguros, desde Rep\u00fablica Dominicana a Europa o Am\u00e9rica con un seguro de viaje, este servicio adicional lo ponemos a tu disposici\u00f3n cuando viajes a Europa y Estados Unidos puedes utilizar tu p\u00f3liza de seguro y al regresar al pa\u00eds te reembolsamos, solo tienes que presentarnos las facturas de los gastos de Emergencia. Recibir\u00e1s toda la informaci\u00f3n y las condiciones cuando te pongas en contacto con nosotros.<\/p>\n<p style=\"text-align: left;\">Nuestra afiliaci\u00f3n es con la aseguradora Sura y con la aseguradora Humana, Con este servicio queremos decirle a nuestros clientes extranjeros que pisen inmediatamente suelo dominicano la salud y la seguridad del transporte ya est\u00e1 garantizada porque somos representantes de las aseguradoras m\u00e1s prestigiosas del pa\u00eds que tienen una trayectoria y un paquete de clientes que demuestran nuestra confiabilidad, seguridad, profesionalismo y plena satisfacci\u00f3n de nuestros clientes.<\/p>\n<\/div>\n<\/div>\n<p>[\/et_pb_text][\/et_pb_column][\/et_pb_row][et_pb_row column_structure=&#8221;1_2,1_2&#8243; _builder_version=&#8221;4.16&#8243; custom_margin=&#8221;0px|auto||auto|false|false&#8221; custom_padding=&#8221;29px|||||&#8221; locked=&#8221;off&#8221; global_colors_info=&#8221;{}&#8221;][et_pb_column type=&#8221;1_2&#8243; _builder_version=&#8221;4.16&#8243; global_colors_info=&#8221;{}&#8221;][et_pb_image src=&#8221;https:\/\/realestate.rdassistance.com\/wp-content\/uploads\/2019\/12\/logo-ars-humano-a-un-color4-250&#215;91-1.jpg&#8221; align=&#8221;center&#8221; _builder_version=&#8221;4.16&#8243; width=&#8221;42%&#8221; module_alignment=&#8221;center&#8221; global_colors_info=&#8221;{}&#8221;][\/et_pb_image][et_pb_text _builder_version=&#8221;4.16&#8243; text_font=&#8221;Open Sans||||||||&#8221; text_line_height=&#8221;1.5em&#8221; header_2_font=&#8221;Lato|700|||||||&#8221; header_2_font_size=&#8221;30px&#8221; header_5_font=&#8221;Lato||||||||&#8221; header_5_text_align=&#8221;center&#8221; text_orientation=&#8221;center&#8221; module_alignment=&#8221;center&#8221; global_colors_info=&#8221;{}&#8221;]<\/p>\n<h2 style=\"text-align: left;\"><strong>ARS Humano <\/strong><\/h2>\n<p style=\"text-align: left;\"><span style=\"font-weight: 400;\">En esta ARS seguros (administradoras de riesgos de salud) contamos con los diferentes planes de servicios, cobertura hospitalaria, ambulatoria y catastr\u00f3fica, seguro de auto, seguro de hogar, seguro de vida, ARS humano es una empresa l\u00edder en la cobertura de seguros del pa\u00eds por su eficiencia y amplitud en la cobertura nacional<\/span>.<\/p>\n<p style=\"text-align: left;\"><strong>Misi\u00f3n<\/strong><\/p>\n<p style=\"text-align: left;\"><span style=\"font-weight: 400;\">Aumentar la calidad de vida de nuestros asegurados ofreciendo soluciones excelentes para todas las necesidades<\/span>.<\/p>\n<p style=\"text-align: left;\"><strong>Visi\u00f3n<\/strong><\/p>\n<p style=\"text-align: left;\"><span style=\"font-weight: 400;\">Ser la empresa m\u00e1s admirada en nuestro pa\u00eds, trascendiendo como l\u00edderes en imagen, crecimiento, excelencia en el servicio y rentabilidad, comprometida con el bienestar de nuestros clientes y con el desarrollo de nuestros empleados, proveedores y de la sociedad en general. <\/span><\/p>\n<p style=\"text-align: left;\"><strong>Valores<\/strong><\/p>\n<ul>\n<li style=\"text-align: left;\">Positivismo<\/li>\n<li style=\"text-align: left;\">Integridad<\/li>\n<li style=\"text-align: left;\">Solidaridad<\/li>\n<li style=\"text-align: left;\">Sentido de la trascendencia<\/li>\n<li style=\"text-align: left;\">Orientaci\u00f3n a los resultados<\/li>\n<li style=\"text-align: left;\">Servicio<\/li>\n<\/ul>\n<p>[\/et_pb_text][\/et_pb_column][et_pb_column type=&#8221;1_2&#8243; _builder_version=&#8221;4.16&#8243; custom_padding=&#8221;|||&#8221; global_colors_info=&#8221;{}&#8221; custom_padding__hover=&#8221;|||&#8221;][et_pb_image src=&#8221;https:\/\/realestate.rdassistance.com\/wp-content\/uploads\/2019\/12\/logo_seguros_sura_top_ok-300&#215;55-1.png&#8221; align=&#8221;center&#8221; _builder_version=&#8221;4.16&#8243; global_colors_info=&#8221;{}&#8221;][\/et_pb_image][et_pb_text _builder_version=&#8221;4.16&#8243; text_font=&#8221;Open Sans||||||||&#8221; text_line_height=&#8221;1.5em&#8221; header_2_font=&#8221;Lato|700|||||||&#8221; header_2_font_size=&#8221;30px&#8221; header_5_font=&#8221;Lato||||||||&#8221; header_5_text_align=&#8221;center&#8221; text_orientation=&#8221;center&#8221; module_alignment=&#8221;center&#8221; custom_margin=&#8221;50px|||||&#8221; global_colors_info=&#8221;{}&#8221;]<\/p>\n<h2 style=\"text-align: left;\"><strong>Seguros SURA <\/strong><\/h2>\n<p style=\"text-align: left;\">Con esta prestadora de seguro es donde su tranquilidad est\u00e1 garantizada al momento de elegirnos como su aseguradora de su autom\u00f3vil. Ofrecemos p\u00f3lizas de seguros para autos con la m\u00e1s baja taza del nuestro pa\u00eds y es una de la que ofrece servicios de seguridad vial m\u00e1s completa, responde a tiempo y est\u00e1 estrat\u00e9gicamente situada en cada punto de nuestro pa\u00eds para que al momento de solicitar nuestros servicios digamos presente.<\/p>\n<p style=\"text-align: left;\"><strong>Misi\u00f3n<\/strong><\/p>\n<p style=\"text-align: left;\">Brindar tranquilidad y protecci\u00f3n a las personas para garantizarles la satisfacci\u00f3n de sus necesidades econ\u00f3micas presentes y futuras, obteniendo adecuados niveles de rentabilidad y proporcionando oportunidades de desarrollo a nuestros trabajadores.<\/p>\n<p style=\"text-align: left;\"><strong>Visi\u00f3n<\/strong><\/p>\n<p style=\"text-align: left;\"><strong>P\u00f3lizas de Seguros para Autos:<\/strong><\/p>\n<ul style=\"text-align: left;\">\n<li>Seguridad Vial<\/li>\n<li>Asistencia Vial 24horas<\/li>\n<li>Casa del Conductor<\/li>\n<li>Nada deducible<\/li>\n<li>Remolques<\/li>\n<li>Colisi\u00f3n y vuelco.<\/li>\n<\/ul>\n<p style=\"text-align: left;\"><strong>P\u00f3lizas de Seguro para Hogar<\/strong><\/p>\n<p style=\"text-align: left;\">Tambi\u00e9n pensamos en su tranquilidad en su hogar y Sura le ofrece dos p\u00f3lizas de seguros de hogar c\u00f3modas y de mucho valor para nuestros clientes y relacionados.<\/p>\n<p style=\"text-align: left;\"><strong>Hogar Protegido<\/strong><\/p>\n<ul>\n<li style=\"text-align: left;\">Hogar Protegido Plus.<\/li>\n<\/ul>\n<p>[\/et_pb_text][\/et_pb_column][\/et_pb_row][\/et_pb_section][et_pb_section fb_built=&#8221;1&#8243; fullwidth=&#8221;on&#8221; _builder_version=&#8221;4.16&#8243; global_colors_info=&#8221;{}&#8221;][et_pb_fullwidth_image src=&#8221;https:\/\/realestate.rdassistance.com\/wp-content\/uploads\/2019\/12\/seguro-en-la-romana-768&#215;192-1.gif&#8221; _builder_version=&#8221;4.16&#8243; width=&#8221;49%&#8221; module_alignment=&#8221;center&#8221; global_colors_info=&#8221;{}&#8221;][\/et_pb_fullwidth_image][\/et_pb_section][et_pb_section fb_built=&#8221;1&#8243; admin_label=&#8221;Hero section&#8221; _builder_version=&#8221;4.16&#8243; use_background_color_gradient=&#8221;on&#8221; background_color_gradient_stops=&#8221;rgba(150,105,97,0) 0%|rgba(2,0,76,0) 100%&#8221; background_color_gradient_overlays_image=&#8221;on&#8221; background_color_gradient_start=&#8221;rgba(150,105,97,0)&#8221; background_color_gradient_end=&#8221;rgba(2,0,76,0)&#8221; background_image=&#8221;https:\/\/realestate.rdassistance.com\/wp-content\/uploads\/2019\/12\/nattu-adnan-atSUvc1hMwk-unsplash-scaled.jpg&#8221; custom_margin=&#8221;|||&#8221; custom_padding=&#8221;10%||10%||true|&#8221; background_color_gradient_stops_tablet=&#8221;rgba(150,105,97,0) 0%|rgba(2,0,76,0) 100%&#8221; background_color_gradient_stops_phone=&#8221;rgba(150,105,97,0) 0%|rgba(2,0,76,0) 100%&#8221; saved_tabs=&#8221;all&#8221; global_colors_info=&#8221;{}&#8221;][et_pb_row _builder_version=&#8221;4.16&#8243; custom_margin=&#8221;|||&#8221; global_colors_info=&#8221;{}&#8221;][et_pb_column type=&#8221;4_4&#8243; _builder_version=&#8221;4.16&#8243; custom_padding=&#8221;|||&#8221; global_colors_info=&#8221;{}&#8221; custom_padding__hover=&#8221;|||&#8221;][et_pb_cta title=&#8221;INICIA HOY TU BUSQUEDA&#8221; button_url=&#8221;#&#8221; _builder_version=&#8221;4.16&#8243; header_font=&#8221;Lato|900||on|||||&#8221; header_font_size=&#8221;48px&#8221; header_letter_spacing=&#8221;2px&#8221; header_line_height=&#8221;1.2em&#8221; body_font=&#8221;Lato||||||||&#8221; body_font_size=&#8221;20px&#8221; body_line_height=&#8221;1.8em&#8221; use_background_color=&#8221;off&#8221; custom_button=&#8221;on&#8221; button_text_size=&#8221;16px&#8221; button_text_color=&#8221;#ffffff&#8221; button_bg_color=&#8221;#fa7f28&#8243; button_border_width=&#8221;6px&#8221; button_border_color=&#8221;#fa7f28&#8243; button_border_radius=&#8221;5px&#8221; button_letter_spacing=&#8221;2px&#8221; button_font=&#8221;Lato|900||on|||||&#8221; max_width=&#8221;750px&#8221; module_alignment=&#8221;center&#8221; custom_margin=&#8221;||-15px|||&#8221; header_font_size_tablet=&#8221;40px&#8221; header_font_size_phone=&#8221;&#8221; header_font_size_last_edited=&#8221;on|tablet&#8221; header_text_shadow_style=&#8221;preset1&#8243; header_text_shadow_blur_strength=&#8221;0.6em&#8221; header_text_shadow_color=&#8221;rgba(0,0,0,0.24)&#8221; box_shadow_style_button=&#8221;preset3&#8243; box_shadow_blur_button=&#8221;30px&#8221; box_shadow_spread_button=&#8221;8px&#8221; box_shadow_color_button=&#8221;rgba(250,127,40,0.15)&#8221; button_letter_spacing_hover=&#8221;2px&#8221; global_colors_info=&#8221;{}&#8221; button_text_size__hover_enabled=&#8221;off&#8221; button_one_text_size__hover_enabled=&#8221;off&#8221; button_two_text_size__hover_enabled=&#8221;off&#8221; button_text_color__hover_enabled=&#8221;off&#8221; button_one_text_color__hover_enabled=&#8221;off&#8221; button_two_text_color__hover_enabled=&#8221;off&#8221; button_border_width__hover_enabled=&#8221;off&#8221; button_one_border_width__hover_enabled=&#8221;off&#8221; button_two_border_width__hover_enabled=&#8221;off&#8221; button_border_color__hover_enabled=&#8221;off&#8221; button_one_border_color__hover_enabled=&#8221;off&#8221; button_two_border_color__hover_enabled=&#8221;off&#8221; button_border_radius__hover_enabled=&#8221;off&#8221; button_one_border_radius__hover_enabled=&#8221;off&#8221; button_two_border_radius__hover_enabled=&#8221;off&#8221; button_letter_spacing__hover_enabled=&#8221;on&#8221; button_letter_spacing__hover=&#8221;2px&#8221; button_one_letter_spacing__hover_enabled=&#8221;off&#8221; button_two_letter_spacing__hover_enabled=&#8221;off&#8221; button_bg_color__hover_enabled=&#8221;off&#8221; button_one_bg_color__hover_enabled=&#8221;off&#8221; button_two_bg_color__hover_enabled=&#8221;off&#8221;][\/et_pb_cta][\/et_pb_column][\/et_pb_row][\/et_pb_section]<\/p>\n","protected":false},"excerpt":{"rendered":"<p>Seguros &nbsp; Agentes y corredores de seguros Rd Assistance tambi\u00e9n se ocupa de tu seguridad, adem\u00e1s de todos nuestros servicios, te ofrecemos el servicio m\u00e1s importante, un seguro para tu salud, tu veh\u00edculo, tu hogar, tu vida y mucho m\u00e1s. Tambi\u00e9n te ayudamos a que tus viajes sean seguros, desde Rep\u00fablica Dominicana a Europa o [&hellip;]<\/p>\n","protected":false},"author":3,"featured_media":0,"parent":0,"menu_order":0,"comment_status":"closed","ping_status":"closed","template":"","meta":{"_et_pb_use_builder":"on","_et_pb_old_content":"","_et_gb_content_width":"","footnotes":""},"class_list":["post-1022","page","type-page","status-publish","hentry"],"_links":{"self":[{"href":"https:\/\/www.realestate.rdassistance.com\/es\/wp-json\/wp\/v2\/pages\/1022","targetHints":{"allow":["GET"]}}],"collection":[{"href":"https:\/\/www.realestate.rdassistance.com\/es\/wp-json\/wp\/v2\/pages"}],"about":[{"href":"https:\/\/www.realestate.rdassistance.com\/es\/wp-json\/wp\/v2\/types\/page"}],"author":[{"embeddable":true,"href":"https:\/\/www.realestate.rdassistance.com\/es\/wp-json\/wp\/v2\/users\/3"}],"replies":[{"embeddable":true,"href":"https:\/\/www.realestate.rdassistance.com\/es\/wp-json\/wp\/v2\/comments?post=1022"}],"version-history":[{"count":32,"href":"https:\/\/www.realestate.rdassistance.com\/es\/wp-json\/wp\/v2\/pages\/1022\/revisions"}],"predecessor-version":[{"id":3996,"href":"https:\/\/www.realestate.rdassistance.com\/es\/wp-json\/wp\/v2\/pages\/1022\/revisions\/3996"}],"wp:attachment":[{"href":"https:\/\/www.realestate.rdassistance.com\/es\/wp-json\/wp\/v2\/media?parent=1022"}],"curies":[{"name":"wp","href":"https:\/\/api.w.org\/{rel}","templated":true}]}}