{"id":870,"date":"2019-12-23T14:01:15","date_gmt":"2019-12-23T18:01:15","guid":{"rendered":"http:\/\/rda.llevitate.com\/bayahibe\/"},"modified":"2025-05-19T09:04:47","modified_gmt":"2025-05-19T13:04:47","slug":"bayahibe","status":"publish","type":"page","link":"https:\/\/www.realestate.rdassistance.com\/es\/bayahibe\/","title":{"rendered":"Bayahibe"},"content":{"rendered":"<p>[et_pb_section fb_built=&#8221;1&#8243; admin_label=&#8221;Hero section&#8221; _builder_version=&#8221;4.16&#8243; use_background_color_gradient=&#8221;on&#8221; background_color_gradient_stops=&#8221;rgba(150,105,97,0) 0%|rgba(2,0,76,0) 100%&#8221; background_color_gradient_overlays_image=&#8221;on&#8221; background_color_gradient_start=&#8221;rgba(150,105,97,0)&#8221; background_color_gradient_end=&#8221;rgba(2,0,76,0)&#8221; background_image=&#8221;https:\/\/realestate.rdassistance.com\/wp-content\/uploads\/2019\/12\/nattu-adnan-atSUvc1hMwk-unsplash-scaled.jpg&#8221; custom_margin=&#8221;|||&#8221; custom_padding=&#8221;4%||0%|||&#8221; global_colors_info=&#8221;{}&#8221;][et_pb_row column_structure=&#8221;2_3,1_3&#8243; _builder_version=&#8221;4.16&#8243; custom_margin=&#8221;|||&#8221; global_colors_info=&#8221;{}&#8221;][et_pb_column type=&#8221;2_3&#8243; _builder_version=&#8221;4.16&#8243; custom_padding=&#8221;1px|||&#8221; global_colors_info=&#8221;{}&#8221; custom_padding__hover=&#8221;|||&#8221;][et_pb_text _builder_version=&#8221;4.16&#8243; text_font=&#8221;Lato||||||||&#8221; text_font_size=&#8221;20px&#8221; text_line_height=&#8221;1.8em&#8221; header_font=&#8221;Lato|900|||||||&#8221; header_font_size=&#8221;80px&#8221; header_letter_spacing=&#8221;2px&#8221; header_line_height=&#8221;1.2em&#8221; background_layout=&#8221;dark&#8221; header_font_size_tablet=&#8221;46px&#8221; header_font_size_phone=&#8221;&#8221; header_font_size_last_edited=&#8221;on|tablet&#8221; global_colors_info=&#8221;{}&#8221;]<\/p>\n<h1>Bayahibe<\/h1>\n<p>&nbsp;<\/p>\n<p>[\/et_pb_text][\/et_pb_column][et_pb_column type=&#8221;1_3&#8243; _builder_version=&#8221;4.16&#8243; custom_padding=&#8221;|||&#8221; global_colors_info=&#8221;{}&#8221; custom_padding__hover=&#8221;|||&#8221;][\/et_pb_column][\/et_pb_row][\/et_pb_section][et_pb_section fb_built=&#8221;1&#8243; _builder_version=&#8221;4.16&#8243; background_color=&#8221;#ffffff&#8221; background_position=&#8221;top_center&#8221; custom_margin=&#8221;|||&#8221; custom_padding=&#8221;100px||62px|||&#8221; global_colors_info=&#8221;{}&#8221;][et_pb_row _builder_version=&#8221;4.16&#8243; custom_padding=&#8221;||0px|||&#8221; global_colors_info=&#8221;{}&#8221;][et_pb_column type=&#8221;4_4&#8243; _builder_version=&#8221;4.16&#8243; global_colors_info=&#8221;{}&#8221;][et_pb_text _builder_version=&#8221;4.16&#8243; text_font=&#8221;Open Sans||||||||&#8221; text_line_height=&#8221;1.5em&#8221; header_2_font=&#8221;Lato|700|||||||&#8221; header_2_font_size=&#8221;30px&#8221; header_5_font=&#8221;Lato||||||||&#8221; header_5_text_align=&#8221;center&#8221; text_orientation=&#8221;center&#8221; module_alignment=&#8221;center&#8221; custom_padding=&#8221;||0px|||&#8221; global_colors_info=&#8221;{}&#8221;]<\/p>\n<div class=\"vc_separator wpb_content_element\">\n<h2 class=\"title\">Bayahibe, Isla Saona y Catalina &#8211; Rep\u00fablica Dominicana<\/h2>\n<\/div>\n<div class=\"wpb_text_column wpb_content_element\">\n<div class=\"wpb_wrapper\">\n<p style=\"text-align: justify;\"><span><b>Bayahibe<\/b><span style=\"font-weight: 400;\">Bayahibe es una comunidad rural de pescadores y donde est\u00e1 la playa de arena blanca m\u00e1s hermosa del Caribe, la pesca artesanal, las viviendas humildes, la hoteler\u00eda moderna y la belleza de su paisaje flor\u00edstico (<\/span><b>flor de Bayahibe<\/b><span style=\"font-weight: 400;\">) se conjugan. Lugar de donde zarpan cientos de turistas diariamente a disfrutar de las playas paradis\u00edacas de la Romana, en el sur de la isla de Rep\u00fablica Dominicana, y a unas dos horas y media de la capital, Santo Domingo. El pueblo pesquero de Bayahibe es el punto de partida hacia otros para\u00edsos cercanos, como las islas Saona y Catalina o el Parque Nacional del Este. En las playas v\u00edrgenes de Bayahibe y Dominicus los hu\u00e9spedes pueden desplazarse f\u00e1cilmente a las dos islas para observar las zonas v\u00edrgenes y protegidas del Parque Nacional del Este<\/span>.<\/span><\/p>\n<\/div>\n<\/div>\n<p>[\/et_pb_text][\/et_pb_column][\/et_pb_row][et_pb_row column_structure=&#8221;1_2,1_2&#8243; _builder_version=&#8221;4.16&#8243; custom_margin=&#8221;5px|auto||auto|false|false&#8221; custom_padding=&#8221;28px|||||&#8221; locked=&#8221;off&#8221; global_colors_info=&#8221;{}&#8221;][et_pb_column type=&#8221;1_2&#8243; _builder_version=&#8221;4.16&#8243; global_colors_info=&#8221;{}&#8221;][et_pb_text _builder_version=&#8221;4.16&#8243; text_font=&#8221;Open Sans||||||||&#8221; text_line_height=&#8221;1.5em&#8221; header_2_font=&#8221;Lato|700|||||||&#8221; header_2_font_size=&#8221;50px&#8221; header_5_font=&#8221;Lato||||||||&#8221; header_5_text_align=&#8221;center&#8221; text_orientation=&#8221;center&#8221; module_alignment=&#8221;center&#8221; global_colors_info=&#8221;{}&#8221;]<\/p>\n<h3>\u201c<strong>Pereskia\u201d la flor de bayahibe&#8221;<\/strong><\/h3>\n<p style=\"text-align: left;\"><b>Bayahibe<\/b><span style=\"font-weight: 400;\"> La zona tur\u00edstica no s\u00f3lo cuenta con hermosos y exclusivos hoteles, tambi\u00e9n es una zona de la Rep\u00fablica Dominicana que posee algunos de los atractivos naturales m\u00e1s bellos de toda la regi\u00f3n. En 2011, el Ministerio de Medio Ambiente declar\u00f3 mediante la Ley 146 <\/span><b>&#8220;Pereskia&#8221; o &#8220;Rosa&#8221;<\/b><span style=\"font-weight: 400;\"> Flor nacional que s\u00f3lo se encuentra en la zona de Bayahibe, y es una especie de Cactus de los pocos que hacen flores. Esta zona fue bendecida por Dios y ella es tambi\u00e9n el s\u00edmbolo natural de Bayahibe<\/span>.<\/p>\n<p>[\/et_pb_text][\/et_pb_column][et_pb_column type=&#8221;1_2&#8243; _builder_version=&#8221;4.16&#8243; custom_padding=&#8221;|||&#8221; global_colors_info=&#8221;{}&#8221; custom_padding__hover=&#8221;|||&#8221;][et_pb_image src=&#8221;https:\/\/realestate.rdassistance.com\/wp-content\/uploads\/2019\/12\/Pereskia-il-fiore-di-bayahibe.jpg&#8221; _builder_version=&#8221;4.16&#8243; global_colors_info=&#8221;{}&#8221;][\/et_pb_image][\/et_pb_column][\/et_pb_row][et_pb_row column_structure=&#8221;1_2,1_2&#8243; _builder_version=&#8221;4.16&#8243; custom_margin=&#8221;5px|auto||auto|false|false&#8221; custom_padding=&#8221;28px|||||&#8221; locked=&#8221;off&#8221; global_colors_info=&#8221;{}&#8221;][et_pb_column type=&#8221;1_2&#8243; _builder_version=&#8221;4.16&#8243; global_colors_info=&#8221;{}&#8221;][et_pb_image src=&#8221;https:\/\/realestate.rdassistance.com\/wp-content\/uploads\/2019\/12\/Gastronomia-di-bayahibe.jpg&#8221; _builder_version=&#8221;4.16&#8243; global_colors_info=&#8221;{}&#8221;][\/et_pb_image][et_pb_image src=&#8221;https:\/\/realestate.rdassistance.com\/wp-content\/uploads\/2019\/12\/aragoste-a-bayahibe.jpg&#8221; _builder_version=&#8221;4.16&#8243; global_colors_info=&#8221;{}&#8221;][\/et_pb_image][\/et_pb_column][et_pb_column type=&#8221;1_2&#8243; _builder_version=&#8221;4.16&#8243; custom_padding=&#8221;|||&#8221; global_colors_info=&#8221;{}&#8221; custom_padding__hover=&#8221;|||&#8221;][et_pb_text _builder_version=&#8221;4.16&#8243; text_font=&#8221;Open Sans||||||||&#8221; text_line_height=&#8221;1.5em&#8221; header_2_font=&#8221;Lato|700|||||||&#8221; header_2_font_size=&#8221;50px&#8221; header_5_font=&#8221;Lato||||||||&#8221; header_5_text_align=&#8221;center&#8221; text_orientation=&#8221;center&#8221; module_alignment=&#8221;center&#8221; global_colors_info=&#8221;{}&#8221;]<\/p>\n<h3><strong>Gastronom\u00eda de Bayahibe<br \/> <\/strong><\/h3>\n<p style=\"text-align: left;\"><span style=\"font-weight: 400;\">Siendo esta zona de playa y costa, el pescado y la Langosta es el lujo m\u00e1s habitual para consumir en Bayahibe, lo mas relajante es acudir a comer pescado fresco hecho a la parrilla en los peque\u00f1os restaurantes que suelen aparecer salpicados de salinas aguas al borde de las playas, o mejor a\u00fan, en el mismo pueblito de bayahibe, estos paltos a base de pescados son tradicionales, pero el reinado lo tiene la Langosta, aparte que el Lamb\u00ed es sumamente consumido ya que abundan es las coloridas aguas de bayahibe, estos se comen de forma distinta ya sea Frito, a la parrilla, hervido, al Horno o como desee el viajero.<\/span><\/p>\n<p style=\"text-align: left;\"><span style=\"font-weight: 400;\">Las atenciones sobre todo son excelentes, adem\u00e1s de la vista maravillosa del mar que est\u00e1 solo a 20 metros de las mesas. Se puede decir que en Bayahibe es donde mejor se come desde una hamburguesa hasta la m\u00e1s fresca de las langostas, es encantador!!<\/span><\/p>\n<p>[\/et_pb_text][\/et_pb_column][\/et_pb_row][et_pb_row column_structure=&#8221;1_2,1_2&#8243; _builder_version=&#8221;4.16&#8243; custom_margin=&#8221;5px|auto||auto|false|false&#8221; custom_padding=&#8221;28px|||||&#8221; locked=&#8221;off&#8221; global_colors_info=&#8221;{}&#8221;][et_pb_column type=&#8221;1_2&#8243; _builder_version=&#8221;4.16&#8243; global_colors_info=&#8221;{}&#8221;][et_pb_text _builder_version=&#8221;4.16&#8243; text_font=&#8221;Open Sans||||||||&#8221; text_line_height=&#8221;1.5em&#8221; header_2_font=&#8221;Lato|700|||||||&#8221; header_2_font_size=&#8221;50px&#8221; header_5_font=&#8221;Lato||||||||&#8221; header_5_text_align=&#8221;center&#8221; text_orientation=&#8221;center&#8221; module_alignment=&#8221;center&#8221; global_colors_info=&#8221;{}&#8221;]<\/p>\n<h3><strong>Fiesta en Bayahibe<\/strong><\/h3>\n<p style=\"text-align: left;\"><span><span style=\"font-weight: 400;\">Las fiestas Patronales, se celebran el 30 de Agosto, en honor a la Santa Rosa de Lima. Cuenta la tradici\u00f3n que esta santa fue engendrada en dicha localidad. El carnaval es muy importante en el calendario festivo y de celebraciones dominicano, adem\u00e1s coincide en febrero con el D\u00eda de la Independencia de la Rep\u00fablica que es el 27, por lo que las celebraciones duran todo el mes y estas tienen un punto de encuentro y reuni\u00f3n todos los domingos de febrero con los desfiles festivos <\/span><span style=\"font-weight: 400;\">flotadores<\/span><span style=\"font-weight: 400;\"> para todos los ritmos, Merengue, Bachata, palo, y oye m\u00e1s. Bayahibe es una tierra de fiestas, tal vez se organizan solas, en el bar, tasca, Chiringuitos, quioscos etc. Por las noches tambi\u00e9n hay locales nocturnos con el mismo entusiasmo del d\u00eda, con sus discotecas, copas y bares cercanos y lugares donde tomar un rico licor y bailar<\/span>.<\/span><\/p>\n<p>[\/et_pb_text][\/et_pb_column][et_pb_column type=&#8221;1_2&#8243; _builder_version=&#8221;4.16&#8243; custom_padding=&#8221;|||&#8221; global_colors_info=&#8221;{}&#8221; custom_padding__hover=&#8221;|||&#8221;][et_pb_image src=&#8221;https:\/\/realestate.rdassistance.com\/wp-content\/uploads\/2019\/12\/festa-di-Bayahibe.jpg&#8221; _builder_version=&#8221;4.16&#8243; global_colors_info=&#8221;{}&#8221;][\/et_pb_image][\/et_pb_column][\/et_pb_row][et_pb_row column_structure=&#8221;1_2,1_2&#8243; _builder_version=&#8221;4.16&#8243; custom_margin=&#8221;5px|auto||auto|false|false&#8221; custom_padding=&#8221;28px|||||&#8221; locked=&#8221;off&#8221; global_colors_info=&#8221;{}&#8221;][et_pb_column type=&#8221;1_2&#8243; _builder_version=&#8221;4.16&#8243; global_colors_info=&#8221;{}&#8221;][et_pb_image src=&#8221;https:\/\/realestate.rdassistance.com\/wp-content\/uploads\/2019\/12\/escursione-isola-saona.jpg&#8221; _builder_version=&#8221;4.16&#8243; global_colors_info=&#8221;{}&#8221;][\/et_pb_image][\/et_pb_column][et_pb_column type=&#8221;1_2&#8243; _builder_version=&#8221;4.16&#8243; custom_padding=&#8221;|||&#8221; global_colors_info=&#8221;{}&#8221; custom_padding__hover=&#8221;|||&#8221;][et_pb_text _builder_version=&#8221;4.16&#8243; text_font=&#8221;Open Sans||||||||&#8221; text_line_height=&#8221;1.5em&#8221; header_2_font=&#8221;Lato|700|||||||&#8221; header_2_font_size=&#8221;50px&#8221; header_5_font=&#8221;Lato||||||||&#8221; header_5_text_align=&#8221;center&#8221; text_orientation=&#8221;center&#8221; module_alignment=&#8221;center&#8221; global_colors_info=&#8221;{}&#8221;]<\/p>\n<h3><strong>Isla Saona<br \/> <\/strong><\/h3>\n<p style=\"text-align: left;\"><b>Isla Saona<\/b><span style=\"font-weight: 400;\"> est\u00e1 considerada como una de las atracciones m\u00e1s llamativas de la Zona Este. a isla contiene un alto porcentaje de especies end\u00e9micas y riqueza flor\u00edstica. De las 539 especies reportadas en el Parque Nacional del Este a mayor\u00eda se encuentra en este lugar. En la zona aparecen varias asociaciones de especies vegetales, las cuales integran diferentes ecosistemas, entre los que se pueden distinguir los bosques semi-h\u00famedos, matorrales, y los manglares o bosques salados, que se componen de cuatro especies neo tropicales: mangle negro, rojo, blanco y bot\u00f3n.<\/span><\/p>\n<p style=\"text-align: left;\"><span style=\"font-weight: 400;\">En la Saona tambi\u00e9n se han identificado especies de tortugas marinas incluyendo caguama, carey, tortuga verde y tinglar. Entre las aves se pueden apreciar gaviotas playeras, zancudas, la paloma coronita, y la cotorra verde, la cual est\u00e1 en peligro de extinci\u00f3n. Otros fascinantes animales como la iguana rinoceronte, el manat\u00ed, el delf\u00edn y el murci\u00e9lago pescador son tambi\u00e9n parte de los habitantes de la isla.<\/span><\/p>\n<p style=\"text-align: left;\">.<\/p>\n<p>[\/et_pb_text][\/et_pb_column][\/et_pb_row][et_pb_row column_structure=&#8221;1_2,1_2&#8243; _builder_version=&#8221;4.16&#8243; custom_margin=&#8221;5px|auto||auto|false|false&#8221; custom_padding=&#8221;28px|||||&#8221; locked=&#8221;off&#8221; global_colors_info=&#8221;{}&#8221;][et_pb_column type=&#8221;1_2&#8243; _builder_version=&#8221;4.16&#8243; global_colors_info=&#8221;{}&#8221;][et_pb_text _builder_version=&#8221;4.16&#8243; text_font=&#8221;Open Sans||||||||&#8221; text_line_height=&#8221;1.5em&#8221; header_2_font=&#8221;Lato|700|||||||&#8221; header_2_font_size=&#8221;50px&#8221; header_5_font=&#8221;Lato||||||||&#8221; header_5_text_align=&#8221;center&#8221; text_orientation=&#8221;center&#8221; module_alignment=&#8221;center&#8221; global_colors_info=&#8221;{}&#8221;]<\/p>\n<h3><strong>Piscina natural<\/strong><\/h3>\n<p style=\"text-align: left;\"><span style=\"font-weight: 400;\">Es un lugar creado por Dios y Regalado a los Dominicanos esta en el centro del Oc\u00e9ano del Mar Caribe d\u00f3nde transportado en Catamar\u00e1n o lancha r\u00e1pida puedes compartir unos momentos emocionantes al junto de los tuyos, en las aguas bajas con arenas blancas y llanas y puedes deleitarte de su gran diversidad de especies marinas con la m\u00e1s alta seguridad de nuestros gu\u00edas y refrigerios.<\/span><\/p>\n<p style=\"text-align: left;\"><span style=\"font-weight: 400;\">Les garantizamos nuestra asesor\u00eda, orientaci\u00f3n de expertos Gu\u00edas Tur\u00edsticos y conocedores de nuestros m\u00e1s visitados y concurridos lugares que han hecho historia en nuestro sector tur\u00edstico dominicano.<\/span><\/p>\n<p>[\/et_pb_text][\/et_pb_column][et_pb_column type=&#8221;1_2&#8243; _builder_version=&#8221;4.16&#8243; custom_padding=&#8221;|||&#8221; global_colors_info=&#8221;{}&#8221; custom_padding__hover=&#8221;|||&#8221;][et_pb_image src=&#8221;https:\/\/realestate.rdassistance.com\/wp-content\/uploads\/2019\/12\/piscina-naturale-isola-saona.jpg&#8221; _builder_version=&#8221;4.16&#8243; global_colors_info=&#8221;{}&#8221;][\/et_pb_image][\/et_pb_column][\/et_pb_row][et_pb_row column_structure=&#8221;1_2,1_2&#8243; _builder_version=&#8221;4.16&#8243; custom_margin=&#8221;5px|auto||auto|false|false&#8221; custom_padding=&#8221;28px|||||&#8221; locked=&#8221;off&#8221; global_colors_info=&#8221;{}&#8221;][et_pb_column type=&#8221;1_2&#8243; _builder_version=&#8221;4.16&#8243; global_colors_info=&#8221;{}&#8221;][et_pb_image src=&#8221;https:\/\/realestate.rdassistance.com\/wp-content\/uploads\/2019\/12\/escursione-isola-catalina.jpg&#8221; _builder_version=&#8221;4.16&#8243; global_colors_info=&#8221;{}&#8221;][\/et_pb_image][\/et_pb_column][et_pb_column type=&#8221;1_2&#8243; _builder_version=&#8221;4.16&#8243; custom_padding=&#8221;|||&#8221; global_colors_info=&#8221;{}&#8221; custom_padding__hover=&#8221;|||&#8221;][et_pb_text _builder_version=&#8221;4.16&#8243; text_font=&#8221;Open Sans||||||||&#8221; text_line_height=&#8221;1.5em&#8221; header_2_font=&#8221;Lato|700|||||||&#8221; header_2_font_size=&#8221;50px&#8221; header_5_font=&#8221;Lato||||||||&#8221; header_5_text_align=&#8221;center&#8221; text_orientation=&#8221;center&#8221; module_alignment=&#8221;center&#8221; global_colors_info=&#8221;{}&#8221;]<\/p>\n<h3><strong>Isla<span> <\/span>Catalina<br \/> <\/strong><\/h3>\n<p style=\"text-align: left;\"><b>Isla Catalina<\/b><span style=\"font-weight: 400;\"> es una isla situada en el mar Caribe a pocos kil\u00f3metros al sureste de la isla espa\u00f1ola, al sur de la provincia de La Romana, Rep\u00fablica Dominicana. Desde La Romana se tarda media hora en llegar a Isla Catalina. La isla integra el tr\u00edo de islas adyacentes del sureste del pa\u00eds junto a la Saona y la Catalina La isla forma parte del tr\u00edo de islas adyacentes en el sureste, cerca de la Saona y la Catalina. Posee diversas bellezas naturales, como sus playas paradis\u00edacas con arenas blancas y en las aguas cristalinas que la rodean viven distintas especies de aves y peces. La isla fue bautizada as\u00ed por el navegante Crist\u00f3bal Col\u00f3n en su viaje por el \u00e1rea en mayo de 1494. Es un popular destino tur\u00edstico y lugar que frecuentan algunos cruceros del Caribe.<\/span><span style=\"font-weight: 400;\"><br \/><\/span><span style=\"font-weight: 400;\"><br \/><\/span><span style=\"font-weight: 400;\">Actividades recomendadas en Isla Catalina: Snorkel y buceo, dada la naturaleza de sus aguas transl\u00facidas y que est\u00e1 rodeada por corales vivos en los que habitan coloridos peces.<\/span><\/p>\n<p>[\/et_pb_text][\/et_pb_column][\/et_pb_row][\/et_pb_section][et_pb_section fb_built=&#8221;1&#8243; admin_label=&#8221;Hero section&#8221; _builder_version=&#8221;4.16&#8243; use_background_color_gradient=&#8221;on&#8221; background_color_gradient_stops=&#8221;rgba(150,105,97,0) 0%|rgba(2,0,76,0) 100%&#8221; background_color_gradient_overlays_image=&#8221;on&#8221; background_color_gradient_start=&#8221;rgba(150,105,97,0)&#8221; background_color_gradient_end=&#8221;rgba(2,0,76,0)&#8221; background_image=&#8221;https:\/\/realestate.rdassistance.com\/wp-content\/uploads\/2019\/12\/nattu-adnan-atSUvc1hMwk-unsplash-scaled.jpg&#8221; custom_margin=&#8221;|||&#8221; custom_padding=&#8221;10%||10%||true|&#8221; background_color_gradient_stops_tablet=&#8221;rgba(150,105,97,0) 0%|rgba(2,0,76,0) 100%&#8221; background_color_gradient_stops_phone=&#8221;rgba(150,105,97,0) 0%|rgba(2,0,76,0) 100%&#8221; saved_tabs=&#8221;all&#8221; global_colors_info=&#8221;{}&#8221;][et_pb_row _builder_version=&#8221;4.16&#8243; custom_margin=&#8221;|||&#8221; global_colors_info=&#8221;{}&#8221;][et_pb_column type=&#8221;4_4&#8243; _builder_version=&#8221;4.16&#8243; custom_padding=&#8221;|||&#8221; global_colors_info=&#8221;{}&#8221; custom_padding__hover=&#8221;|||&#8221;][et_pb_cta title=&#8221;INICIA HOY TU BUSQUEDA&#8221; button_url=&#8221;#&#8221; _builder_version=&#8221;4.16&#8243; header_font=&#8221;Lato|900||on|||||&#8221; header_font_size=&#8221;48px&#8221; header_letter_spacing=&#8221;2px&#8221; header_line_height=&#8221;1.2em&#8221; body_font=&#8221;Lato||||||||&#8221; body_font_size=&#8221;20px&#8221; body_line_height=&#8221;1.8em&#8221; use_background_color=&#8221;off&#8221; custom_button=&#8221;on&#8221; button_text_size=&#8221;16px&#8221; button_text_color=&#8221;#ffffff&#8221; button_bg_color=&#8221;#fa7f28&#8243; button_border_width=&#8221;6px&#8221; button_border_color=&#8221;#fa7f28&#8243; button_border_radius=&#8221;5px&#8221; button_letter_spacing=&#8221;2px&#8221; button_font=&#8221;Lato|900||on|||||&#8221; max_width=&#8221;750px&#8221; module_alignment=&#8221;center&#8221; custom_margin=&#8221;||-15px|||&#8221; header_font_size_tablet=&#8221;40px&#8221; header_font_size_phone=&#8221;&#8221; header_font_size_last_edited=&#8221;on|tablet&#8221; header_text_shadow_style=&#8221;preset1&#8243; header_text_shadow_blur_strength=&#8221;0.6em&#8221; header_text_shadow_color=&#8221;rgba(0,0,0,0.24)&#8221; box_shadow_style_button=&#8221;preset3&#8243; box_shadow_blur_button=&#8221;30px&#8221; box_shadow_spread_button=&#8221;8px&#8221; box_shadow_color_button=&#8221;rgba(250,127,40,0.15)&#8221; button_letter_spacing_hover=&#8221;2px&#8221; global_colors_info=&#8221;{}&#8221; button_text_size__hover_enabled=&#8221;off&#8221; button_one_text_size__hover_enabled=&#8221;off&#8221; button_two_text_size__hover_enabled=&#8221;off&#8221; button_text_color__hover_enabled=&#8221;off&#8221; button_one_text_color__hover_enabled=&#8221;off&#8221; button_two_text_color__hover_enabled=&#8221;off&#8221; button_border_width__hover_enabled=&#8221;off&#8221; button_one_border_width__hover_enabled=&#8221;off&#8221; button_two_border_width__hover_enabled=&#8221;off&#8221; button_border_color__hover_enabled=&#8221;off&#8221; button_one_border_color__hover_enabled=&#8221;off&#8221; button_two_border_color__hover_enabled=&#8221;off&#8221; button_border_radius__hover_enabled=&#8221;off&#8221; button_one_border_radius__hover_enabled=&#8221;off&#8221; button_two_border_radius__hover_enabled=&#8221;off&#8221; button_letter_spacing__hover_enabled=&#8221;on&#8221; button_letter_spacing__hover=&#8221;2px&#8221; button_one_letter_spacing__hover_enabled=&#8221;off&#8221; button_two_letter_spacing__hover_enabled=&#8221;off&#8221; button_bg_color__hover_enabled=&#8221;off&#8221; button_one_bg_color__hover_enabled=&#8221;off&#8221; button_two_bg_color__hover_enabled=&#8221;off&#8221;][\/et_pb_cta][\/et_pb_column][\/et_pb_row][\/et_pb_section]<\/p>\n","protected":false},"excerpt":{"rendered":"<p>Bayahibe &nbsp; Bayahibe, Isla Saona y Catalina &#8211; Rep\u00fablica Dominicana BayahibeBayahibe es una comunidad rural de pescadores y donde est\u00e1 la playa de arena blanca m\u00e1s hermosa del Caribe, la pesca artesanal, las viviendas humildes, la hoteler\u00eda moderna y la belleza de su paisaje flor\u00edstico (flor de Bayahibe) se conjugan. Lugar de donde zarpan cientos [&hellip;]<\/p>\n","protected":false},"author":3,"featured_media":0,"parent":0,"menu_order":0,"comment_status":"closed","ping_status":"closed","template":"","meta":{"_et_pb_use_builder":"on","_et_pb_old_content":"","_et_gb_content_width":"","footnotes":""},"class_list":["post-870","page","type-page","status-publish","hentry"],"_links":{"self":[{"href":"https:\/\/www.realestate.rdassistance.com\/es\/wp-json\/wp\/v2\/pages\/870","targetHints":{"allow":["GET"]}}],"collection":[{"href":"https:\/\/www.realestate.rdassistance.com\/es\/wp-json\/wp\/v2\/pages"}],"about":[{"href":"https:\/\/www.realestate.rdassistance.com\/es\/wp-json\/wp\/v2\/types\/page"}],"author":[{"embeddable":true,"href":"https:\/\/www.realestate.rdassistance.com\/es\/wp-json\/wp\/v2\/users\/3"}],"replies":[{"embeddable":true,"href":"https:\/\/www.realestate.rdassistance.com\/es\/wp-json\/wp\/v2\/comments?post=870"}],"version-history":[{"count":44,"href":"https:\/\/www.realestate.rdassistance.com\/es\/wp-json\/wp\/v2\/pages\/870\/revisions"}],"predecessor-version":[{"id":4010,"href":"https:\/\/www.realestate.rdassistance.com\/es\/wp-json\/wp\/v2\/pages\/870\/revisions\/4010"}],"wp:attachment":[{"href":"https:\/\/www.realestate.rdassistance.com\/es\/wp-json\/wp\/v2\/media?parent=870"}],"curies":[{"name":"wp","href":"https:\/\/api.w.org\/{rel}","templated":true}]}}