{"id":1015,"date":"2019-12-23T19:40:20","date_gmt":"2019-12-23T23:40:20","guid":{"rendered":"http:\/\/rda.llevitate.com\/assicurazione\/"},"modified":"2025-05-19T08:53:29","modified_gmt":"2025-05-19T12:53:29","slug":"assicurazione","status":"publish","type":"page","link":"https:\/\/www.realestate.rdassistance.com\/it\/assicurazione\/","title":{"rendered":"Assicurazione"},"content":{"rendered":"<p>[et_pb_section fb_built=&#8221;1&#8243; admin_label=&#8221;Hero section&#8221; _builder_version=&#8221;4.16&#8243; use_background_color_gradient=&#8221;on&#8221; background_color_gradient_stops=&#8221;rgba(150,105,97,0) 0%|rgba(2,0,76,0) 100%&#8221; background_color_gradient_overlays_image=&#8221;on&#8221; background_color_gradient_start=&#8221;rgba(150,105,97,0)&#8221; background_color_gradient_end=&#8221;rgba(2,0,76,0)&#8221; background_image=&#8221;https:\/\/realestate.rdassistance.com\/wp-content\/uploads\/2019\/12\/ulises-baga-oRYOOjvPq8E-unsplash.jpg&#8221; custom_margin=&#8221;|||&#8221; custom_padding=&#8221;4%||0%|||&#8221; global_colors_info=&#8221;{}&#8221;][et_pb_row column_structure=&#8221;2_3,1_3&#8243; _builder_version=&#8221;4.16&#8243; custom_margin=&#8221;|||&#8221; global_colors_info=&#8221;{}&#8221;][et_pb_column type=&#8221;2_3&#8243; _builder_version=&#8221;4.16&#8243; custom_padding=&#8221;1px|||&#8221; global_colors_info=&#8221;{}&#8221; custom_padding__hover=&#8221;|||&#8221;][et_pb_text _builder_version=&#8221;4.16&#8243; text_font=&#8221;Lato||||||||&#8221; text_font_size=&#8221;20px&#8221; text_line_height=&#8221;1.8em&#8221; header_font=&#8221;Lato|900|||||||&#8221; header_font_size=&#8221;80px&#8221; header_letter_spacing=&#8221;2px&#8221; header_line_height=&#8221;1.2em&#8221; background_layout=&#8221;dark&#8221; header_font_size_tablet=&#8221;46px&#8221; header_font_size_phone=&#8221;&#8221; header_font_size_last_edited=&#8221;on|tablet&#8221; global_colors_info=&#8221;{}&#8221;]<\/p>\n<h1>Assicurazione<\/h1>\n<p>&nbsp;<\/p>\n<p>[\/et_pb_text][\/et_pb_column][et_pb_column type=&#8221;1_3&#8243; _builder_version=&#8221;4.16&#8243; custom_padding=&#8221;|||&#8221; global_colors_info=&#8221;{}&#8221; custom_padding__hover=&#8221;|||&#8221;][\/et_pb_column][\/et_pb_row][\/et_pb_section][et_pb_section fb_built=&#8221;1&#8243; _builder_version=&#8221;4.16&#8243; background_color=&#8221;#ffffff&#8221; background_position=&#8221;top_center&#8221; custom_margin=&#8221;|||&#8221; custom_padding=&#8221;100px||62px|||&#8221; global_colors_info=&#8221;{}&#8221;][et_pb_row _builder_version=&#8221;4.16&#8243; custom_padding=&#8221;||0px|||&#8221; global_colors_info=&#8221;{}&#8221;][et_pb_column type=&#8221;4_4&#8243; _builder_version=&#8221;4.16&#8243; global_colors_info=&#8221;{}&#8221;][et_pb_text _builder_version=&#8221;4.16&#8243; text_font=&#8221;Open Sans||||||||&#8221; text_line_height=&#8221;1.5em&#8221; header_2_font=&#8221;Lato|700|||||||&#8221; header_2_font_size=&#8221;30px&#8221; header_5_font=&#8221;Lato||||||||&#8221; header_5_text_align=&#8221;center&#8221; text_orientation=&#8221;center&#8221; module_alignment=&#8221;center&#8221; custom_padding=&#8221;||0px|||&#8221; global_colors_info=&#8221;{}&#8221;]<\/p>\n<div class=\"vc_separator wpb_content_element\">\n<h2 class=\"title\">Agenti Assicurativi e Broker<\/h2>\n<\/div>\n<div class=\"wpb_text_column wpb_content_element\">\n<div class=\"wpb_wrapper\">\n<p style=\"text-align: left;\">Rd Assistance si occupa anche della tua sicurezza, oltre a tutti i nostri servizi, offriamo il servizio pi\u00f9 importante, l&#8217;assicurazione per la tua salute, il tuo veicolo, la tua casa, la tua vita e molto altro ancora.<\/p>\n<p style=\"text-align: left;\">Ti aiutiamo anche a rendere sicuri i tuoi viaggi dalla Repubblica Dominicana all&#8217;Europa o all&#8217;America con un&#8217;assicurazione di viaggio, questo servizio aggiuntivo che mettiamo a tua disposizione quando viaggi in Europa e negli Stati Uniti puoi utilizzare la tua polizza assicurativa e al ritorno nel paese ti rimborseremo, devi solo presentarci le fatture delle spese di emergenza. Riceverai tutte le informazioni e le condizioni quando ci contatterai.<\/p>\n<p style=\"text-align: left;\">Con questo servizio vogliamo dire ai nostri clienti stranieri di mettere subito piede sul suolo dominicano, la salute e la sicurezza dei trasporti sono gi\u00e0 garantite perch\u00e9 siamo rappresentanti delle assicurazioni pi\u00f9 prestigiose del paese che hanno una storia e un pacchetto di clienti che dimostrano la nostra affidabilit\u00e0, sicurezza, professionalit\u00e0 e piena soddisfazione dei nostri clienti.<\/p>\n<\/div>\n<\/div>\n<p>[\/et_pb_text][\/et_pb_column][\/et_pb_row][et_pb_row column_structure=&#8221;1_2,1_2&#8243; _builder_version=&#8221;4.16&#8243; custom_margin=&#8221;0px|auto||auto|false|false&#8221; custom_padding=&#8221;29px|||||&#8221; locked=&#8221;off&#8221; global_colors_info=&#8221;{}&#8221;][et_pb_column type=&#8221;1_2&#8243; _builder_version=&#8221;4.16&#8243; global_colors_info=&#8221;{}&#8221;][et_pb_image src=&#8221;https:\/\/realestate.rdassistance.com\/wp-content\/uploads\/2019\/12\/logo-ars-humano-a-un-color4-250&#215;91-1.jpg&#8221; align=&#8221;center&#8221; _builder_version=&#8221;4.16&#8243; width=&#8221;42%&#8221; module_alignment=&#8221;center&#8221; global_colors_info=&#8221;{}&#8221;][\/et_pb_image][et_pb_text _builder_version=&#8221;4.16&#8243; text_font=&#8221;Open Sans||||||||&#8221; text_line_height=&#8221;1.5em&#8221; header_2_font=&#8221;Lato|700|||||||&#8221; header_2_font_size=&#8221;30px&#8221; header_5_font=&#8221;Lato||||||||&#8221; header_5_text_align=&#8221;center&#8221; text_orientation=&#8221;center&#8221; module_alignment=&#8221;center&#8221; global_colors_info=&#8221;{}&#8221;]<\/p>\n<h2 style=\"text-align: left;\"><strong>ARS Humano <\/strong><\/h2>\n<p style=\"text-align: left;\"><span style=\"font-weight: 400;\">In questa assicurazione ARS (amministratori del rischio sanitario) contiamo con i diversi piani di servizio, copertura ospedaliera, ambulatoriale e catastrofica, assicurazione auto, assicurazione casa, assicurazione vita, ARS humano \u00e8 una societ\u00e0 leader nella copertura assicurativa del paese per la sua efficienza e ampiezza nella copertura nazionale<\/span>.<\/p>\n<p style=\"text-align: left;\"><strong>Misi\u00f3n<\/strong><\/p>\n<p style=\"text-align: left;\"><span style=\"font-weight: 400;\">Aumentare la qualit\u00e0 della vita dei nostri assicurati offrendo soluzioni eccellenti per tutte le esigenze<\/span>.<\/p>\n<p style=\"text-align: left;\"><strong>Visi\u00f3n<\/strong><\/p>\n<p style=\"text-align: left;\"><span style=\"font-weight: 400;\">Per essere l\u2019azienda pi\u00f9 ammirata nel nostro paese, emergendo come leader in immagine, la crescita, l\u2019eccellenza del servizio e la redditivit\u00e0, impegnati per il benessere dei nostri clienti e lo sviluppo dei nostri dipendenti, fornitori e della societ\u00e0 in generale. <\/span><\/p>\n<p style=\"text-align: left;\"><strong>Valori<\/strong><\/p>\n<ul>\n<li style=\"text-align: left;\">Positivit\u00e0<\/li>\n<li style=\"text-align: left;\">Itnegrit\u00e0<\/li>\n<li style=\"text-align: left;\">Solidariet\u00e0<\/li>\n<li style=\"text-align: left;\">Senso di trascendenza<\/li>\n<li style=\"text-align: left;\">Orientamento ai risultati<\/li>\n<li style=\"text-align: left;\">Servizio<\/li>\n<\/ul>\n<p>[\/et_pb_text][\/et_pb_column][et_pb_column type=&#8221;1_2&#8243; _builder_version=&#8221;4.16&#8243; custom_padding=&#8221;|||&#8221; global_colors_info=&#8221;{}&#8221; custom_padding__hover=&#8221;|||&#8221;][et_pb_image src=&#8221;https:\/\/realestate.rdassistance.com\/wp-content\/uploads\/2019\/12\/logo_seguros_sura_top_ok-300&#215;55-1.png&#8221; align=&#8221;center&#8221; _builder_version=&#8221;4.16&#8243; global_colors_info=&#8221;{}&#8221;][\/et_pb_image][et_pb_text _builder_version=&#8221;4.16&#8243; text_font=&#8221;Open Sans||||||||&#8221; text_line_height=&#8221;1.5em&#8221; header_2_font=&#8221;Lato|700|||||||&#8221; header_2_font_size=&#8221;30px&#8221; header_5_font=&#8221;Lato||||||||&#8221; header_5_text_align=&#8221;center&#8221; text_orientation=&#8221;center&#8221; module_alignment=&#8221;center&#8221; custom_margin=&#8221;50px|||||&#8221; global_colors_info=&#8221;{}&#8221;]<\/p>\n<h2 style=\"text-align: left;\"><strong>Assicurazione SURA <\/strong><\/h2>\n<p style=\"text-align: left;\">La nostra \u00e8 una delle assicurazioni pi\u00f9 sicure e pi\u00f9 comuni del paese, con questo cosa vogliamo comunicare, che in qualsiasi punto della Repubblica Dominicana voi siate la nostra assicurazione vi dar\u00e0 un servizio di assistenza. I nostri prezzi sono competitivi sul mercato per le vostre auto offriamo da un\u2019assicurazione b\u00e1sica di legge a quella di un seguro full con tutte le opzioni che voi vorrete aggiungere, per la vostra casa offriamo la megliore copertura per incedio, furto, uragani, responsabilit\u00e0 civile e molto altro.<\/p>\n<p style=\"text-align: left;\"><strong>Misi\u00f3n<\/strong><\/p>\n<p style=\"text-align: left;\">Offriamo sicurezza e protezione per le persone ed i loro beni, salvaguardando le esigenze del futuro in un valore economico attuale contenuto .<\/p>\n<p style=\"text-align: left;\"><strong>Visi\u00f3n<\/strong><\/p>\n<p style=\"text-align: left;\"><strong>Polizze per autovetture:<\/strong><\/p>\n<ul style=\"text-align: left;\">\n<li>Sicurezza stradale<\/li>\n<li>assistenza stradale 24 ore<\/li>\n<li>Assicurazione per il conducente<\/li>\n<li>Assicurazione full senza deducibile<\/li>\n<li>Carro attrezzi<\/li>\n<li>Collisione e ribaltamento.<\/li>\n<\/ul>\n<p style=\"text-align: left;\"><strong>Polizza per la casa<\/strong><\/p>\n<p style=\"text-align: left;\">Pensiamo anche al vostro ambiente familiare offrendo polizze di assicurazione per la vostra casa, comode e con differenti soluzioni pi\u00f9 adatte alle vostre esigenze; in studio potraete avere tutte le informazioni per la vostra sicurezza.<\/p>\n<p style=\"text-align: left;\"><strong>Casa protetta<\/strong><\/p>\n<ul>\n<li style=\"text-align: left;\">Casa Protetta Plus.<\/li>\n<\/ul>\n<p>[\/et_pb_text][\/et_pb_column][\/et_pb_row][\/et_pb_section][et_pb_section fb_built=&#8221;1&#8243; fullwidth=&#8221;on&#8221; _builder_version=&#8221;4.16&#8243; global_colors_info=&#8221;{}&#8221;][et_pb_fullwidth_image src=&#8221;https:\/\/realestate.rdassistance.com\/wp-content\/uploads\/2019\/12\/seguro-en-la-romana-768&#215;192-1.gif&#8221; _builder_version=&#8221;4.16&#8243; width=&#8221;49%&#8221; module_alignment=&#8221;center&#8221; global_colors_info=&#8221;{}&#8221;][\/et_pb_fullwidth_image][\/et_pb_section][et_pb_section fb_built=&#8221;1&#8243; admin_label=&#8221;Hero section&#8221; _builder_version=&#8221;4.16&#8243; use_background_color_gradient=&#8221;on&#8221; background_color_gradient_stops=&#8221;rgba(150,105,97,0) 0%|rgba(2,0,76,0) 100%&#8221; background_color_gradient_overlays_image=&#8221;on&#8221; background_color_gradient_start=&#8221;rgba(150,105,97,0)&#8221; background_color_gradient_end=&#8221;rgba(2,0,76,0)&#8221; background_image=&#8221;https:\/\/realestate.rdassistance.com\/wp-content\/uploads\/2019\/12\/nattu-adnan-atSUvc1hMwk-unsplash-scaled.jpg&#8221; custom_margin=&#8221;|||&#8221; custom_padding=&#8221;10%||10%||true|&#8221; background_color_gradient_stops_tablet=&#8221;rgba(150,105,97,0) 0%|rgba(2,0,76,0) 100%&#8221; background_color_gradient_stops_phone=&#8221;rgba(150,105,97,0) 0%|rgba(2,0,76,0) 100%&#8221; saved_tabs=&#8221;all&#8221; global_colors_info=&#8221;{}&#8221;][et_pb_row _builder_version=&#8221;4.16&#8243; custom_margin=&#8221;|||&#8221; global_colors_info=&#8221;{}&#8221;][et_pb_column type=&#8221;4_4&#8243; _builder_version=&#8221;4.16&#8243; custom_padding=&#8221;|||&#8221; global_colors_info=&#8221;{}&#8221; custom_padding__hover=&#8221;|||&#8221;][et_pb_cta title=&#8221;INIZIA OGGI LA TUA RICERCA&#8221; button_url=&#8221;#&#8221; _builder_version=&#8221;4.16&#8243; header_font=&#8221;Lato|900||on|||||&#8221; header_font_size=&#8221;48px&#8221; header_letter_spacing=&#8221;2px&#8221; header_line_height=&#8221;1.2em&#8221; body_font=&#8221;Lato||||||||&#8221; body_font_size=&#8221;20px&#8221; body_line_height=&#8221;1.8em&#8221; use_background_color=&#8221;off&#8221; custom_button=&#8221;on&#8221; button_text_size=&#8221;16px&#8221; button_text_color=&#8221;#ffffff&#8221; button_bg_color=&#8221;#fa7f28&#8243; button_border_width=&#8221;6px&#8221; button_border_color=&#8221;#fa7f28&#8243; button_border_radius=&#8221;5px&#8221; button_letter_spacing=&#8221;2px&#8221; button_font=&#8221;Lato|900||on|||||&#8221; max_width=&#8221;750px&#8221; module_alignment=&#8221;center&#8221; custom_margin=&#8221;||-15px|||&#8221; header_font_size_tablet=&#8221;40px&#8221; header_font_size_phone=&#8221;&#8221; header_font_size_last_edited=&#8221;on|tablet&#8221; header_text_shadow_style=&#8221;preset1&#8243; header_text_shadow_blur_strength=&#8221;0.6em&#8221; header_text_shadow_color=&#8221;rgba(0,0,0,0.24)&#8221; box_shadow_style_button=&#8221;preset3&#8243; box_shadow_blur_button=&#8221;30px&#8221; box_shadow_spread_button=&#8221;8px&#8221; box_shadow_color_button=&#8221;rgba(250,127,40,0.15)&#8221; button_letter_spacing_hover=&#8221;2px&#8221; global_colors_info=&#8221;{}&#8221; button_text_size__hover_enabled=&#8221;off&#8221; button_one_text_size__hover_enabled=&#8221;off&#8221; button_two_text_size__hover_enabled=&#8221;off&#8221; button_text_color__hover_enabled=&#8221;off&#8221; button_one_text_color__hover_enabled=&#8221;off&#8221; button_two_text_color__hover_enabled=&#8221;off&#8221; button_border_width__hover_enabled=&#8221;off&#8221; button_one_border_width__hover_enabled=&#8221;off&#8221; button_two_border_width__hover_enabled=&#8221;off&#8221; button_border_color__hover_enabled=&#8221;off&#8221; button_one_border_color__hover_enabled=&#8221;off&#8221; button_two_border_color__hover_enabled=&#8221;off&#8221; button_border_radius__hover_enabled=&#8221;off&#8221; button_one_border_radius__hover_enabled=&#8221;off&#8221; button_two_border_radius__hover_enabled=&#8221;off&#8221; button_letter_spacing__hover_enabled=&#8221;on&#8221; button_letter_spacing__hover=&#8221;2px&#8221; button_one_letter_spacing__hover_enabled=&#8221;off&#8221; button_two_letter_spacing__hover_enabled=&#8221;off&#8221; button_bg_color__hover_enabled=&#8221;off&#8221; button_one_bg_color__hover_enabled=&#8221;off&#8221; button_two_bg_color__hover_enabled=&#8221;off&#8221;][\/et_pb_cta][\/et_pb_column][\/et_pb_row][\/et_pb_section]<\/p>\n","protected":false},"excerpt":{"rendered":"<p>Assicurazione &nbsp; Agenti Assicurativi e Broker Rd Assistance si occupa anche della tua sicurezza, oltre a tutti i nostri servizi, offriamo il servizio pi\u00f9 importante, l&#8217;assicurazione per la tua salute, il tuo veicolo, la tua casa, la tua vita e molto altro ancora. Ti aiutiamo anche a rendere sicuri i tuoi viaggi dalla Repubblica Dominicana [&hellip;]<\/p>\n","protected":false},"author":3,"featured_media":0,"parent":0,"menu_order":0,"comment_status":"closed","ping_status":"closed","template":"","meta":{"_et_pb_use_builder":"on","_et_pb_old_content":"","_et_gb_content_width":"","footnotes":""},"class_list":["post-1015","page","type-page","status-publish","hentry"],"_links":{"self":[{"href":"https:\/\/www.realestate.rdassistance.com\/it\/wp-json\/wp\/v2\/pages\/1015","targetHints":{"allow":["GET"]}}],"collection":[{"href":"https:\/\/www.realestate.rdassistance.com\/it\/wp-json\/wp\/v2\/pages"}],"about":[{"href":"https:\/\/www.realestate.rdassistance.com\/it\/wp-json\/wp\/v2\/types\/page"}],"author":[{"embeddable":true,"href":"https:\/\/www.realestate.rdassistance.com\/it\/wp-json\/wp\/v2\/users\/3"}],"replies":[{"embeddable":true,"href":"https:\/\/www.realestate.rdassistance.com\/it\/wp-json\/wp\/v2\/comments?post=1015"}],"version-history":[{"count":34,"href":"https:\/\/www.realestate.rdassistance.com\/it\/wp-json\/wp\/v2\/pages\/1015\/revisions"}],"predecessor-version":[{"id":3994,"href":"https:\/\/www.realestate.rdassistance.com\/it\/wp-json\/wp\/v2\/pages\/1015\/revisions\/3994"}],"wp:attachment":[{"href":"https:\/\/www.realestate.rdassistance.com\/it\/wp-json\/wp\/v2\/media?parent=1015"}],"curies":[{"name":"wp","href":"https:\/\/api.w.org\/{rel}","templated":true}]}}