{"id":860,"date":"2019-12-23T13:16:48","date_gmt":"2019-12-23T17:16:48","guid":{"rendered":"http:\/\/rda.llevitate.com\/bayahibe\/"},"modified":"2025-05-19T09:05:35","modified_gmt":"2025-05-19T13:05:35","slug":"bayahibe","status":"publish","type":"page","link":"https:\/\/www.realestate.rdassistance.com\/it\/bayahibe\/","title":{"rendered":"Bayahibe"},"content":{"rendered":"<p>[et_pb_section fb_built=&#8221;1&#8243; admin_label=&#8221;Hero section&#8221; _builder_version=&#8221;4.16&#8243; use_background_color_gradient=&#8221;on&#8221; background_color_gradient_stops=&#8221;rgba(150,105,97,0) 0%|rgba(2,0,76,0) 100%&#8221; background_color_gradient_overlays_image=&#8221;on&#8221; background_color_gradient_start=&#8221;rgba(150,105,97,0)&#8221; background_color_gradient_end=&#8221;rgba(2,0,76,0)&#8221; background_image=&#8221;https:\/\/realestate.rdassistance.com\/wp-content\/uploads\/2019\/12\/nattu-adnan-atSUvc1hMwk-unsplash-scaled.jpg&#8221; custom_margin=&#8221;|||&#8221; custom_padding=&#8221;4%||0%|||&#8221; global_colors_info=&#8221;{}&#8221;][et_pb_row column_structure=&#8221;2_3,1_3&#8243; _builder_version=&#8221;4.16&#8243; custom_margin=&#8221;|||&#8221; global_colors_info=&#8221;{}&#8221;][et_pb_column type=&#8221;2_3&#8243; _builder_version=&#8221;4.16&#8243; custom_padding=&#8221;1px|||&#8221; global_colors_info=&#8221;{}&#8221; custom_padding__hover=&#8221;|||&#8221;][et_pb_text _builder_version=&#8221;4.16&#8243; text_font=&#8221;Lato||||||||&#8221; text_font_size=&#8221;20px&#8221; text_line_height=&#8221;1.8em&#8221; header_font=&#8221;Lato|900|||||||&#8221; header_font_size=&#8221;80px&#8221; header_letter_spacing=&#8221;2px&#8221; header_line_height=&#8221;1.2em&#8221; background_layout=&#8221;dark&#8221; header_font_size_tablet=&#8221;46px&#8221; header_font_size_phone=&#8221;&#8221; header_font_size_last_edited=&#8221;on|tablet&#8221; global_colors_info=&#8221;{}&#8221;]<\/p>\n<h1>Bayahibe<\/h1>\n<p>&nbsp;<\/p>\n<p>[\/et_pb_text][\/et_pb_column][et_pb_column type=&#8221;1_3&#8243; _builder_version=&#8221;4.16&#8243; custom_padding=&#8221;|||&#8221; global_colors_info=&#8221;{}&#8221; custom_padding__hover=&#8221;|||&#8221;][\/et_pb_column][\/et_pb_row][\/et_pb_section][et_pb_section fb_built=&#8221;1&#8243; _builder_version=&#8221;4.16&#8243; background_color=&#8221;#ffffff&#8221; background_position=&#8221;top_center&#8221; custom_margin=&#8221;|||&#8221; custom_padding=&#8221;100px||62px|||&#8221; global_colors_info=&#8221;{}&#8221;][et_pb_row _builder_version=&#8221;4.16&#8243; custom_padding=&#8221;||0px|||&#8221; global_colors_info=&#8221;{}&#8221;][et_pb_column type=&#8221;4_4&#8243; _builder_version=&#8221;4.16&#8243; global_colors_info=&#8221;{}&#8221;][et_pb_text _builder_version=&#8221;4.16&#8243; text_font=&#8221;Open Sans||||||||&#8221; text_line_height=&#8221;1.5em&#8221; header_2_font=&#8221;Lato|700|||||||&#8221; header_2_font_size=&#8221;30px&#8221; header_5_font=&#8221;Lato||||||||&#8221; header_5_text_align=&#8221;center&#8221; text_orientation=&#8221;center&#8221; module_alignment=&#8221;center&#8221; custom_padding=&#8221;||0px|||&#8221; global_colors_info=&#8221;{}&#8221;]<\/p>\n<div class=\"vc_separator wpb_content_element\">\n<h2 class=\"title\">Bayahibe, Saona e Isola Catalina &#8211; Repubblica Dominicana<\/h2>\n<\/div>\n<div class=\"wpb_text_column wpb_content_element\">\n<div class=\"wpb_wrapper\">\n<p style=\"text-align: justify;\"><span><b>Bayahibe \u00e8 una comunit\u00e0 di pescatori dove si incontra una meravigliosa spiaggia bianca, pesca tradizionale, umili abitazioni, l\u2019hotel moderno e la bellezza del suo paesaggio floristico <\/b><span style=\"font-weight: 400;\">(<\/span><b>(fiore di Bayahibe<\/b><span style=\"font-weight: 400;\">) si combinano. Luogo in cui centinaia di turisti ogni giorno si recano per godere della meravigliosa spiaggia nel sud dell \u2018isola della Repubblica Dominicana, e circa due ore dalla capitale, Santo Domingo. Il villaggio di pescatori di Bayahibe \u00e8 il punto di partenza per altri paradisi vicini, come la isola di Saona e Catalina, il Parco Nazionale d\u2019Oriente. Nelle spiagge incontaminate di Bayahibe e Dominicus gli ospiti possono facilmente raggiungere le due isole per osservare le aree incontaminate e protette del Parco Nazionale Orientale.<\/span>.<\/span><\/p>\n<\/div>\n<\/div>\n<p>[\/et_pb_text][\/et_pb_column][\/et_pb_row][et_pb_row column_structure=&#8221;1_2,1_2&#8243; _builder_version=&#8221;4.16&#8243; custom_margin=&#8221;5px|auto||auto|false|false&#8221; custom_padding=&#8221;28px|||||&#8221; locked=&#8221;off&#8221; global_colors_info=&#8221;{}&#8221;][et_pb_column type=&#8221;1_2&#8243; _builder_version=&#8221;4.16&#8243; global_colors_info=&#8221;{}&#8221;][et_pb_text _builder_version=&#8221;4.16&#8243; text_font=&#8221;Open Sans||||||||&#8221; text_line_height=&#8221;1.5em&#8221; header_2_font=&#8221;Lato|700|||||||&#8221; header_2_font_size=&#8221;50px&#8221; header_5_font=&#8221;Lato||||||||&#8221; header_5_text_align=&#8221;center&#8221; text_orientation=&#8221;center&#8221; module_alignment=&#8221;center&#8221; global_colors_info=&#8221;{}&#8221;]<\/p>\n<h3>\u201c<strong>Pereskia\u201d Il Fiore di bayahibe&#8221;<\/strong><\/h3>\n<p style=\"text-align: left;\"><b>Bayahibe<\/b><span style=\"font-weight: 400;\"> La zona turistica non ha solo hotel bellissimi ed esclusivi, ma \u00e8 anche un&#8217;area della Repubblica Dominicana che vanta alcune delle pi\u00f9 belle attrazioni naturali di tutta la regione. Nel 2011 il Ministero dell&#8217;Ambiente ha dichiarato con la Legge 146 <\/span><b>&#8220;Pereskia o Rosa<\/b><span style=\"font-weight: 400;\"> Fiore nazionale che si trova solo nella zona di Bayahibe, ed \u00e8 una sorta di cactus dei pochi che hanno fatto fiori. Quest&#8217;area \u00e8 stata benedetta da Dio ed \u00e8 anche il simbolo naturale di Bayahibe.<\/span>.<\/p>\n<p>[\/et_pb_text][\/et_pb_column][et_pb_column type=&#8221;1_2&#8243; _builder_version=&#8221;4.16&#8243; custom_padding=&#8221;|||&#8221; global_colors_info=&#8221;{}&#8221; custom_padding__hover=&#8221;|||&#8221;][et_pb_image src=&#8221;https:\/\/realestate.rdassistance.com\/wp-content\/uploads\/2019\/12\/Pereskia-il-fiore-di-bayahibe.jpg&#8221; _builder_version=&#8221;4.16&#8243; global_colors_info=&#8221;{}&#8221;][\/et_pb_image][\/et_pb_column][\/et_pb_row][et_pb_row column_structure=&#8221;1_2,1_2&#8243; _builder_version=&#8221;4.16&#8243; custom_margin=&#8221;5px|auto||auto|false|false&#8221; custom_padding=&#8221;28px|||||&#8221; locked=&#8221;off&#8221; global_colors_info=&#8221;{}&#8221;][et_pb_column type=&#8221;1_2&#8243; _builder_version=&#8221;4.16&#8243; global_colors_info=&#8221;{}&#8221;][et_pb_image src=&#8221;https:\/\/realestate.rdassistance.com\/wp-content\/uploads\/2019\/12\/Gastronomia-di-bayahibe.jpg&#8221; _builder_version=&#8221;4.16&#8243; global_colors_info=&#8221;{}&#8221;][\/et_pb_image][et_pb_image src=&#8221;https:\/\/realestate.rdassistance.com\/wp-content\/uploads\/2019\/12\/aragoste-a-bayahibe.jpg&#8221; _builder_version=&#8221;4.16&#8243; global_colors_info=&#8221;{}&#8221;][\/et_pb_image][\/et_pb_column][et_pb_column type=&#8221;1_2&#8243; _builder_version=&#8221;4.16&#8243; custom_padding=&#8221;|||&#8221; global_colors_info=&#8221;{}&#8221; custom_padding__hover=&#8221;|||&#8221;][et_pb_text _builder_version=&#8221;4.16&#8243; text_font=&#8221;Open Sans||||||||&#8221; text_line_height=&#8221;1.5em&#8221; header_2_font=&#8221;Lato|700|||||||&#8221; header_2_font_size=&#8221;50px&#8221; header_5_font=&#8221;Lato||||||||&#8221; header_5_text_align=&#8221;center&#8221; text_orientation=&#8221;center&#8221; module_alignment=&#8221;center&#8221; global_colors_info=&#8221;{}&#8221;]<\/p>\n<h3><strong>Gastronomia di Bayahibe<br \/> <\/strong><\/h3>\n<p style=\"text-align: left;\"><span style=\"font-weight: 400;\">In questa zona della spiaggia e della costa, il pesce, il lambi e l\u2019aragosta sono il piatto pi\u00f9 comune, il pesce viene pescato freschissimo e preparato alla griglia, fritto, bollito o al forno, tutti i gioni moltissimi pescatori si dirigono in mare a aperto modo tale che le pietanze che gusterete siano di ottima qualit\u00e0 e freschezza da degustare nei piccoli ristoranti in riva al marea soli pochi metri dal vostro tavolo, oppure nell\u2019entroterra di questo piccolissimo paesino.<\/span><\/p>\n<p style=\"text-align: left;\"><span style=\"font-weight: 400;\">Le attenzioni sono eccellenti, oltre alla meravigliosa vista sul mare che si trova a soli 20 metri dai tavoli. Si pu\u00f2 dire che a Bayahibe \u00e8 dove si mangia meglio da un hamburger alle aragoste pi\u00f9 fresche, \u00e8 delizioso!<\/span><\/p>\n<p>[\/et_pb_text][\/et_pb_column][\/et_pb_row][et_pb_row column_structure=&#8221;1_2,1_2&#8243; _builder_version=&#8221;4.16&#8243; custom_margin=&#8221;5px|auto||auto|false|false&#8221; custom_padding=&#8221;28px|||||&#8221; locked=&#8221;off&#8221; global_colors_info=&#8221;{}&#8221;][et_pb_column type=&#8221;1_2&#8243; _builder_version=&#8221;4.16&#8243; global_colors_info=&#8221;{}&#8221;][et_pb_text _builder_version=&#8221;4.16&#8243; text_font=&#8221;Open Sans||||||||&#8221; text_line_height=&#8221;1.5em&#8221; header_2_font=&#8221;Lato|700|||||||&#8221; header_2_font_size=&#8221;50px&#8221; header_5_font=&#8221;Lato||||||||&#8221; header_5_text_align=&#8221;center&#8221; text_orientation=&#8221;center&#8221; module_alignment=&#8221;center&#8221; global_colors_info=&#8221;{}&#8221;]<\/p>\n<h3><strong>Festa a Bayahibe<\/strong><\/h3>\n<p style=\"text-align: left;\"><span><span style=\"font-weight: 400;\">La festa padronale viene festeggiata il giorno 30 di Agosto in onore alla Santa Rosa di Lima. Mentre il carnevale viene festeggiato il giorno 27 di febbraio insieme alla giornata dell\u2019Indipendenza. Il Carnevale \u00e8 molto importante nel calendario delle celebrazioni e dei festival dominicani e coincide a febbraio con il giorno dell&#8217;Indipendenza della Repubblica che \u00e8 il 27, quindi i festeggiamenti durano tutto il mese e hanno un punto di incontro e di ritrovo tutte le domeniche di febbraio nelle parate festive. <\/span><span style=\"font-weight: 400;\">galleggianti<\/span><span style=\"font-weight: 400;\"> per tutti i ritmi, Merengue, Bachata, bastone e altro ancora. Bayahibe \u00e8 una terra di feste, magari da soli vengono organizzati bar, taverne, snack bar, chioschi ecc. La sera c&#8217;\u00e8 anche la discoteca con lo stesso entusiasmo del giorno, con i suoi locali, i suoi drink e i bar nelle vicinanze e i luoghi in cui prendere un ricco liquore e ballare.<\/span>.<\/span><\/p>\n<p>[\/et_pb_text][\/et_pb_column][et_pb_column type=&#8221;1_2&#8243; _builder_version=&#8221;4.16&#8243; custom_padding=&#8221;|||&#8221; global_colors_info=&#8221;{}&#8221; custom_padding__hover=&#8221;|||&#8221;][et_pb_image src=&#8221;https:\/\/realestate.rdassistance.com\/wp-content\/uploads\/2019\/12\/festa-di-Bayahibe.jpg&#8221; _builder_version=&#8221;4.16&#8243; global_colors_info=&#8221;{}&#8221;][\/et_pb_image][\/et_pb_column][\/et_pb_row][et_pb_row column_structure=&#8221;1_2,1_2&#8243; _builder_version=&#8221;4.16&#8243; custom_margin=&#8221;5px|auto||auto|false|false&#8221; custom_padding=&#8221;28px|||||&#8221; locked=&#8221;off&#8221; global_colors_info=&#8221;{}&#8221;][et_pb_column type=&#8221;1_2&#8243; _builder_version=&#8221;4.16&#8243; global_colors_info=&#8221;{}&#8221;][et_pb_image src=&#8221;https:\/\/realestate.rdassistance.com\/wp-content\/uploads\/2019\/12\/escursione-isola-saona.jpg&#8221; _builder_version=&#8221;4.16&#8243; global_colors_info=&#8221;{}&#8221;][\/et_pb_image][\/et_pb_column][et_pb_column type=&#8221;1_2&#8243; _builder_version=&#8221;4.16&#8243; custom_padding=&#8221;|||&#8221; global_colors_info=&#8221;{}&#8221; custom_padding__hover=&#8221;|||&#8221;][et_pb_text _builder_version=&#8221;4.16&#8243; text_font=&#8221;Open Sans||||||||&#8221; text_line_height=&#8221;1.5em&#8221; header_2_font=&#8221;Lato|700|||||||&#8221; header_2_font_size=&#8221;50px&#8221; header_5_font=&#8221;Lato||||||||&#8221; header_5_text_align=&#8221;center&#8221; text_orientation=&#8221;center&#8221; module_alignment=&#8221;center&#8221; global_colors_info=&#8221;{}&#8221;]<\/p>\n<h3><strong>Isola Saona<br \/> <\/strong><\/h3>\n<p style=\"text-align: left;\"><b>Isola Saona<\/b><span style=\"font-weight: 400;\"> \u00e8 considerata una delle attrazioni pi\u00f9 suggestive della Zona Est. L&#8217;isola contiene un&#8217;alta percentuale di specie endemiche e di ricchezza di specie. dei 539 specie riportati nel Parco Nazionale dell\u2019est, in questa isola si incontrano la maggior parte. Iell&#8217;area sono presenti diverse associazioni di specie vegetali, che integrano diversi ecosistemi, tra cui si possono distinguere le foreste semiumide, le foreste di macchia e le foreste di mangrovie o di acqua salata, che sono composte da quattro specie neotropicali: la mangrovia nera, la bianca rossa e la bottatrice.<\/span><\/p>\n<p style=\"text-align: left;\"><span style=\"font-weight: 400;\">Nella Saone hanno anche identificato specie come tartarughe marine, Hawksbill, tartarughe verdi e tartarughe a dorso di pelle. Tra gli uccelli si possono vedere gabbiani reali, trampolieri, il piccione dalle corone bianche e il pappagallo verde, che \u00e8 in pericolo di estinzione. Altri animali affascinanti come l&#8217;iguana rinoceronte, il lamantino, il delfino e il pipistrello da pesca fanno parte degli abitanti dell&#8217;isola.<\/span><\/p>\n<p style=\"text-align: left;\">.<\/p>\n<p>[\/et_pb_text][\/et_pb_column][\/et_pb_row][et_pb_row column_structure=&#8221;1_2,1_2&#8243; _builder_version=&#8221;4.16&#8243; custom_margin=&#8221;5px|auto||auto|false|false&#8221; custom_padding=&#8221;28px|||||&#8221; locked=&#8221;off&#8221; global_colors_info=&#8221;{}&#8221;][et_pb_column type=&#8221;1_2&#8243; _builder_version=&#8221;4.16&#8243; global_colors_info=&#8221;{}&#8221;][et_pb_text _builder_version=&#8221;4.16&#8243; text_font=&#8221;Open Sans||||||||&#8221; text_line_height=&#8221;1.5em&#8221; header_2_font=&#8221;Lato|700|||||||&#8221; header_2_font_size=&#8221;50px&#8221; header_5_font=&#8221;Lato||||||||&#8221; header_5_text_align=&#8221;center&#8221; text_orientation=&#8221;center&#8221; module_alignment=&#8221;center&#8221; global_colors_info=&#8221;{}&#8221;]<\/p>\n<h3><strong>Piscina naturale<\/strong><\/h3>\n<p style=\"text-align: left;\"><span style=\"font-weight: 400;\">Un locale meraviglioso creato per mano della natura al centro dell\u2019oceano nel Mar dei Caraibi, lo si pu\u00f2 raggiungere in Catamarano o piccole barche in questo luogo \u00e8 possibile condividere alcuni momenti emozionanti, nelle acque poco profonde con sabbia bianca e poter ammirare la grande diversit\u00e0 delle specie marine con la massima sicurezza delle nostre guide.<\/span><\/p>\n<p style=\"text-align: left;\"><span style=\"font-weight: 400;\">Garantiamo la nostra assistenza, una guida esperta e guide turistiche esperte dei nostri luoghi pi\u00f9 popolari e affollati che hanno fatto la storia del nostro settore turistico dominicano.<\/span><\/p>\n<p>[\/et_pb_text][\/et_pb_column][et_pb_column type=&#8221;1_2&#8243; _builder_version=&#8221;4.16&#8243; custom_padding=&#8221;|||&#8221; global_colors_info=&#8221;{}&#8221; custom_padding__hover=&#8221;|||&#8221;][et_pb_image src=&#8221;https:\/\/realestate.rdassistance.com\/wp-content\/uploads\/2019\/12\/piscina-naturale-isola-saona.jpg&#8221; _builder_version=&#8221;4.16&#8243; global_colors_info=&#8221;{}&#8221;][\/et_pb_image][\/et_pb_column][\/et_pb_row][et_pb_row column_structure=&#8221;1_2,1_2&#8243; _builder_version=&#8221;4.16&#8243; custom_margin=&#8221;5px|auto||auto|false|false&#8221; custom_padding=&#8221;28px|||||&#8221; locked=&#8221;off&#8221; global_colors_info=&#8221;{}&#8221;][et_pb_column type=&#8221;1_2&#8243; _builder_version=&#8221;4.16&#8243; global_colors_info=&#8221;{}&#8221;][et_pb_image src=&#8221;https:\/\/realestate.rdassistance.com\/wp-content\/uploads\/2019\/12\/escursione-isola-catalina.jpg&#8221; _builder_version=&#8221;4.16&#8243; global_colors_info=&#8221;{}&#8221;][\/et_pb_image][\/et_pb_column][et_pb_column type=&#8221;1_2&#8243; _builder_version=&#8221;4.16&#8243; custom_padding=&#8221;|||&#8221; global_colors_info=&#8221;{}&#8221; custom_padding__hover=&#8221;|||&#8221;][et_pb_text _builder_version=&#8221;4.16&#8243; text_font=&#8221;Open Sans||||||||&#8221; text_line_height=&#8221;1.5em&#8221; header_2_font=&#8221;Lato|700|||||||&#8221; header_2_font_size=&#8221;50px&#8221; header_5_font=&#8221;Lato||||||||&#8221; header_5_text_align=&#8221;center&#8221; text_orientation=&#8221;center&#8221; module_alignment=&#8221;center&#8221; global_colors_info=&#8221;{}&#8221;]<\/p>\n<h3><strong>Isola di<span> <\/span>Catalina<br \/> <\/strong><\/h3>\n<p style=\"text-align: left;\"><b>Isola di Catalina<\/b><span style=\"font-weight: 400;\"> \u00e8 un&#8217;isola situata nel Mar dei Caraibi a pochi chilometri a sud-est dell&#8217;isola spagnola, a sud della provincia di La Romana, nella Repubblica Dominicana. a La Romana ci vuole mezz\u2019ora per arrivare all\u2019isola di Catalina. L\u2019isola fa parte del trio di isole adiacenti nel sud-est lungo le diverse bellezze naturali Saone e Catalina1Posee, come le sue spiagge paradisiache con sabbia bianca e acque cristalline. Ci sono bellezze naturali, come le sue paradisiache spiagge con sabbia bianca e acque limpide che circondano specie viventi di uccelli e pesci. L\u2019isola \u00e8 stata chiamata cos\u00ec dall\u2019esploratore Cristoforo Colombo nel suo viaggio nel maggio del 1494. \u00ca una popolare isola destinazione di molti turisi e luogo per partecipare ad una crociera nei Caraibi.<\/span><span style=\"font-weight: 400;\"><br \/><\/span><span style=\"font-weight: 400;\"><br \/><\/span><span style=\"font-weight: 400;\">L\u2019Isola di Catalina conta con attivit\u00e0 come: snorkeling e le immersioni, data la natura delle loro acque trasparenti ed \u00e8 circondata da coralli in cui i pesci colorati vivono. <\/span><\/p>\n<p>[\/et_pb_text][\/et_pb_column][\/et_pb_row][\/et_pb_section][et_pb_section fb_built=&#8221;1&#8243; admin_label=&#8221;Hero section&#8221; _builder_version=&#8221;4.16&#8243; use_background_color_gradient=&#8221;on&#8221; background_color_gradient_stops=&#8221;rgba(150,105,97,0) 0%|rgba(2,0,76,0) 100%&#8221; background_color_gradient_overlays_image=&#8221;on&#8221; background_color_gradient_start=&#8221;rgba(150,105,97,0)&#8221; background_color_gradient_end=&#8221;rgba(2,0,76,0)&#8221; background_image=&#8221;https:\/\/realestate.rdassistance.com\/wp-content\/uploads\/2019\/12\/nattu-adnan-atSUvc1hMwk-unsplash-scaled.jpg&#8221; custom_margin=&#8221;|||&#8221; custom_padding=&#8221;10%||10%||true|&#8221; background_color_gradient_stops_tablet=&#8221;rgba(150,105,97,0) 0%|rgba(2,0,76,0) 100%&#8221; background_color_gradient_stops_phone=&#8221;rgba(150,105,97,0) 0%|rgba(2,0,76,0) 100%&#8221; saved_tabs=&#8221;all&#8221; global_colors_info=&#8221;{}&#8221;][et_pb_row _builder_version=&#8221;4.16&#8243; custom_margin=&#8221;|||&#8221; global_colors_info=&#8221;{}&#8221;][et_pb_column type=&#8221;4_4&#8243; _builder_version=&#8221;4.16&#8243; custom_padding=&#8221;|||&#8221; global_colors_info=&#8221;{}&#8221; custom_padding__hover=&#8221;|||&#8221;][et_pb_cta title=&#8221;INIZIA OGGI LA TUA RICERCA&#8221; button_url=&#8221;#&#8221; _builder_version=&#8221;4.16&#8243; header_font=&#8221;Lato|900||on|||||&#8221; header_font_size=&#8221;48px&#8221; header_letter_spacing=&#8221;2px&#8221; header_line_height=&#8221;1.2em&#8221; body_font=&#8221;Lato||||||||&#8221; body_font_size=&#8221;20px&#8221; body_line_height=&#8221;1.8em&#8221; use_background_color=&#8221;off&#8221; custom_button=&#8221;on&#8221; button_text_size=&#8221;16px&#8221; button_text_color=&#8221;#ffffff&#8221; button_bg_color=&#8221;#fa7f28&#8243; button_border_width=&#8221;6px&#8221; button_border_color=&#8221;#fa7f28&#8243; button_border_radius=&#8221;5px&#8221; button_letter_spacing=&#8221;2px&#8221; button_font=&#8221;Lato|900||on|||||&#8221; max_width=&#8221;750px&#8221; module_alignment=&#8221;center&#8221; custom_margin=&#8221;||-15px|||&#8221; header_font_size_tablet=&#8221;40px&#8221; header_font_size_phone=&#8221;&#8221; header_font_size_last_edited=&#8221;on|tablet&#8221; header_text_shadow_style=&#8221;preset1&#8243; header_text_shadow_blur_strength=&#8221;0.6em&#8221; header_text_shadow_color=&#8221;rgba(0,0,0,0.24)&#8221; box_shadow_style_button=&#8221;preset3&#8243; box_shadow_blur_button=&#8221;30px&#8221; box_shadow_spread_button=&#8221;8px&#8221; box_shadow_color_button=&#8221;rgba(250,127,40,0.15)&#8221; button_letter_spacing_hover=&#8221;2px&#8221; global_colors_info=&#8221;{}&#8221; button_text_size__hover_enabled=&#8221;off&#8221; button_one_text_size__hover_enabled=&#8221;off&#8221; button_two_text_size__hover_enabled=&#8221;off&#8221; button_text_color__hover_enabled=&#8221;off&#8221; button_one_text_color__hover_enabled=&#8221;off&#8221; button_two_text_color__hover_enabled=&#8221;off&#8221; button_border_width__hover_enabled=&#8221;off&#8221; button_one_border_width__hover_enabled=&#8221;off&#8221; button_two_border_width__hover_enabled=&#8221;off&#8221; button_border_color__hover_enabled=&#8221;off&#8221; button_one_border_color__hover_enabled=&#8221;off&#8221; button_two_border_color__hover_enabled=&#8221;off&#8221; button_border_radius__hover_enabled=&#8221;off&#8221; button_one_border_radius__hover_enabled=&#8221;off&#8221; button_two_border_radius__hover_enabled=&#8221;off&#8221; button_letter_spacing__hover_enabled=&#8221;on&#8221; button_letter_spacing__hover=&#8221;2px&#8221; button_one_letter_spacing__hover_enabled=&#8221;off&#8221; button_two_letter_spacing__hover_enabled=&#8221;off&#8221; button_bg_color__hover_enabled=&#8221;off&#8221; button_one_bg_color__hover_enabled=&#8221;off&#8221; button_two_bg_color__hover_enabled=&#8221;off&#8221;][\/et_pb_cta][\/et_pb_column][\/et_pb_row][\/et_pb_section]<\/p>\n","protected":false},"excerpt":{"rendered":"<p>Bayahibe &nbsp; Bayahibe, Saona e Isola Catalina &#8211; Repubblica Dominicana Bayahibe \u00e8 una comunit\u00e0 di pescatori dove si incontra una meravigliosa spiaggia bianca, pesca tradizionale, umili abitazioni, l\u2019hotel moderno e la bellezza del suo paesaggio floristico ((fiore di Bayahibe) si combinano. Luogo in cui centinaia di turisti ogni giorno si recano per godere della meravigliosa [&hellip;]<\/p>\n","protected":false},"author":3,"featured_media":0,"parent":0,"menu_order":0,"comment_status":"closed","ping_status":"closed","template":"","meta":{"_et_pb_use_builder":"on","_et_pb_old_content":"","_et_gb_content_width":"","footnotes":""},"class_list":["post-860","page","type-page","status-publish","hentry"],"_links":{"self":[{"href":"https:\/\/www.realestate.rdassistance.com\/it\/wp-json\/wp\/v2\/pages\/860","targetHints":{"allow":["GET"]}}],"collection":[{"href":"https:\/\/www.realestate.rdassistance.com\/it\/wp-json\/wp\/v2\/pages"}],"about":[{"href":"https:\/\/www.realestate.rdassistance.com\/it\/wp-json\/wp\/v2\/types\/page"}],"author":[{"embeddable":true,"href":"https:\/\/www.realestate.rdassistance.com\/it\/wp-json\/wp\/v2\/users\/3"}],"replies":[{"embeddable":true,"href":"https:\/\/www.realestate.rdassistance.com\/it\/wp-json\/wp\/v2\/comments?post=860"}],"version-history":[{"count":46,"href":"https:\/\/www.realestate.rdassistance.com\/it\/wp-json\/wp\/v2\/pages\/860\/revisions"}],"predecessor-version":[{"id":4014,"href":"https:\/\/www.realestate.rdassistance.com\/it\/wp-json\/wp\/v2\/pages\/860\/revisions\/4014"}],"wp:attachment":[{"href":"https:\/\/www.realestate.rdassistance.com\/it\/wp-json\/wp\/v2\/media?parent=860"}],"curies":[{"name":"wp","href":"https:\/\/api.w.org\/{rel}","templated":true}]}}