{"id":976,"date":"2019-12-23T16:14:39","date_gmt":"2019-12-23T20:14:39","guid":{"rendered":"http:\/\/rda.llevitate.com\/manutenzione\/"},"modified":"2025-05-19T08:56:16","modified_gmt":"2025-05-19T12:56:16","slug":"manutenzione","status":"publish","type":"page","link":"https:\/\/www.realestate.rdassistance.com\/it\/manutenzione\/","title":{"rendered":"Manutenzione"},"content":{"rendered":"<p>[et_pb_section fb_built=&#8221;1&#8243; admin_label=&#8221;Hero section&#8221; _builder_version=&#8221;4.16&#8243; use_background_color_gradient=&#8221;on&#8221; background_color_gradient_stops=&#8221;rgba(150,105,97,0.43) 0%|rgba(2,0,76,0.64) 100%&#8221; background_color_gradient_overlays_image=&#8221;on&#8221; background_color_gradient_start=&#8221;rgba(150,105,97,0.43)&#8221; background_color_gradient_end=&#8221;rgba(2,0,76,0.64)&#8221; background_image=&#8221;https:\/\/realestate.rdassistance.com\/wp-content\/uploads\/2019\/12\/guilherme-cunha-0ZOtNzDVUZg-unsplash.jpg&#8221; custom_margin=&#8221;|||&#8221; custom_padding=&#8221;4%||0%|||&#8221; global_colors_info=&#8221;{}&#8221;][et_pb_row column_structure=&#8221;2_3,1_3&#8243; _builder_version=&#8221;4.16&#8243; custom_margin=&#8221;|||&#8221; global_colors_info=&#8221;{}&#8221;][et_pb_column type=&#8221;2_3&#8243; _builder_version=&#8221;4.16&#8243; custom_padding=&#8221;1px|||&#8221; global_colors_info=&#8221;{}&#8221; custom_padding__hover=&#8221;|||&#8221;][et_pb_text _builder_version=&#8221;4.16&#8243; text_font=&#8221;Lato||||||||&#8221; text_font_size=&#8221;20px&#8221; text_line_height=&#8221;1.8em&#8221; header_font=&#8221;Lato|900|||||||&#8221; header_font_size=&#8221;80px&#8221; header_letter_spacing=&#8221;2px&#8221; header_line_height=&#8221;1.2em&#8221; background_layout=&#8221;dark&#8221; header_font_size_tablet=&#8221;46px&#8221; header_font_size_phone=&#8221;&#8221; header_font_size_last_edited=&#8221;on|tablet&#8221; global_colors_info=&#8221;{}&#8221;]<\/p>\n<h1 class=\"page-title\">Manutenzione<\/h1>\n<p>&nbsp;<\/p>\n<p>[\/et_pb_text][\/et_pb_column][et_pb_column type=&#8221;1_3&#8243; _builder_version=&#8221;4.16&#8243; custom_padding=&#8221;|||&#8221; global_colors_info=&#8221;{}&#8221; custom_padding__hover=&#8221;|||&#8221;][\/et_pb_column][\/et_pb_row][\/et_pb_section][et_pb_section fb_built=&#8221;1&#8243; _builder_version=&#8221;4.16&#8243; background_color=&#8221;#ffffff&#8221; background_position=&#8221;top_center&#8221; custom_margin=&#8221;|||&#8221; custom_padding=&#8221;100px||62px|||&#8221; global_colors_info=&#8221;{}&#8221;][et_pb_row _builder_version=&#8221;4.16&#8243; custom_padding=&#8221;||0px|||&#8221; global_colors_info=&#8221;{}&#8221;][et_pb_column type=&#8221;4_4&#8243; _builder_version=&#8221;4.16&#8243; global_colors_info=&#8221;{}&#8221;][et_pb_text _builder_version=&#8221;4.16&#8243; text_font=&#8221;Open Sans||||||||&#8221; text_line_height=&#8221;1.5em&#8221; header_2_font=&#8221;Lato|700|||||||&#8221; header_2_font_size=&#8221;30px&#8221; header_3_font=&#8221;Lato|700|||||||&#8221; header_3_font_size=&#8221;30px&#8221; header_5_font=&#8221;Lato||||||||&#8221; header_5_text_align=&#8221;center&#8221; text_orientation=&#8221;center&#8221; module_alignment=&#8221;center&#8221; custom_padding=&#8221;||0px|||&#8221; global_colors_info=&#8221;{}&#8221;]<\/p>\n<div class=\"vc_separator wpb_content_element\">\n<h2 class=\"title\">Manutenzione della casa<\/h2>\n<\/div>\n<div class=\"wpb_text_column wpb_content_element\">\n<div class=\"wpb_wrapper\">\n<p style=\"text-align: left;\">All&#8217;interno del nostro servizio multiplo, forniamo anche la manutenzione, un servizio affidabile e garantito \u00e8 ci\u00f2 che contraddistingue la nostra azienda, che \u00e8 la manutenzione ordinaria, la pulizia delle piscine, il rimodellamento, i problemi elettrici o idraulici e molto altro, con la garanzia di qualit\u00e0 ed efficienza dalle mani di uno staff europeo.<\/p>\n<p style=\"text-align: left;\">Per quanto riguarda l&#8217;elettricit\u00e0, disponiamo di personale che ha studiato in Italia le nuove tecniche di installazione per garantire un&#8217;alta qualit\u00e0 di competenza e una garanzia di sicurezza per vivere nella tua casa protetta in qualsiasi momento.<\/p>\n<p style=\"text-align: left;\">Siamo esperti nella collocazione di scatole di comando (scatole dei freni), nell&#8217;installazione di luci interne ed esterne, utilizziamo metodi di alta qualit\u00e0, garanzia e sicurezza affinch\u00e9 la tua casa sia al sicuro.<\/p>\n<\/div>\n<\/div>\n<p>[\/et_pb_text][\/et_pb_column][\/et_pb_row][et_pb_row column_structure=&#8221;1_2,1_2&#8243; _builder_version=&#8221;4.16&#8243; custom_margin=&#8221;-11px|auto||auto||&#8221; custom_padding=&#8221;28px|||||&#8221; locked=&#8221;off&#8221; global_colors_info=&#8221;{}&#8221;][et_pb_column type=&#8221;1_2&#8243; _builder_version=&#8221;4.16&#8243; global_colors_info=&#8221;{}&#8221;][et_pb_text _builder_version=&#8221;4.16&#8243; text_font=&#8221;Open Sans||||||||&#8221; text_line_height=&#8221;1.5em&#8221; header_2_font=&#8221;Lato|700|||||||&#8221; header_2_font_size=&#8221;30px&#8221; header_5_font=&#8221;Lato||||||||&#8221; header_5_text_align=&#8221;center&#8221; text_orientation=&#8221;center&#8221; module_alignment=&#8221;center&#8221; global_colors_info=&#8221;{}&#8221;]<\/p>\n<h2 style=\"text-align: left;\">Altri servizi:<\/h2>\n<p style=\"text-align: left;\">&#8211; Riparazione elettrica.<br \/>&#8211; Riparazione idraulica<br \/>&#8211; Riparazione del legno<br \/>&#8211; Rimodellamento della piscina.<br \/>&#8211; Rimodellamento<br \/>&#8211; Costruttore<br \/>&#8211; Pittura<br \/>&#8211; Manutenzione e riparazioni<br \/>&#8211; Carpenteria.<br \/>&#8211; Montaggio di scaffali, cornici, lampade, luci.<br \/>&#8211; Manutenzione del tetto.<br \/>&#8211; Sistema di allarme.<br \/>&#8211; Installazione di telecamere di sicurezza.<\/p>\n<p>[\/et_pb_text][\/et_pb_column][et_pb_column type=&#8221;1_2&#8243; _builder_version=&#8221;4.16&#8243; custom_padding=&#8221;|||&#8221; global_colors_info=&#8221;{}&#8221; custom_padding__hover=&#8221;|||&#8221;][et_pb_text _builder_version=&#8221;4.16&#8243; text_font=&#8221;Open Sans||||||||&#8221; text_line_height=&#8221;1.5em&#8221; header_2_font=&#8221;Lato|700|||||||&#8221; header_2_font_size=&#8221;50px&#8221; header_5_font=&#8221;Lato||||||||&#8221; header_5_text_align=&#8221;center&#8221; text_orientation=&#8221;center&#8221; module_alignment=&#8221;center&#8221; global_colors_info=&#8221;{}&#8221;]<\/p>\n<div class=\"vc_separator wpb_content_element\" style=\"text-align: left;\">\n<p>Per richiedere i servizi di un tecnico specializzato, contatta<br \/>servicioalcliente@rdassistance.com o 829-230-5133 Gli interventi sono<br \/>garantiti entro 5 giorni lavorativi dal luned\u00ec al venerd\u00ec e 48 ore in caso di emergenza; il nostro lavoro dura dal luned\u00ec al venerd\u00ec; in caso di partenza nel weekend, verr\u00e0 applicata la tariffa del weekend.<\/p>\n<p>I nostri preventivi saranno confermati con un anticipo del 50% alla firma del contratto<br \/>e del 50% alla fine dei lavori.<\/p>\n<\/div>\n<p>[\/et_pb_text][\/et_pb_column][\/et_pb_row][et_pb_row _builder_version=&#8221;4.16&#8243; global_colors_info=&#8221;{}&#8221;][et_pb_column type=&#8221;4_4&#8243; _builder_version=&#8221;4.16&#8243; global_colors_info=&#8221;{}&#8221;][et_pb_gallery gallery_ids=&#8221;518,521,524,527,530,533,536,539,542,545,548,551,554,557&#8243; posts_number=&#8221;15&#8243; show_title_and_caption=&#8221;off&#8221; show_pagination=&#8221;off&#8221; _builder_version=&#8221;4.16&#8243; global_colors_info=&#8221;{}&#8221;][\/et_pb_gallery][\/et_pb_column][\/et_pb_row][\/et_pb_section][et_pb_section fb_built=&#8221;1&#8243; admin_label=&#8221;Hero section&#8221; _builder_version=&#8221;4.16&#8243; use_background_color_gradient=&#8221;on&#8221; background_color_gradient_stops=&#8221;rgba(150,105,97,0) 0%|rgba(2,0,76,0) 100%&#8221; background_color_gradient_overlays_image=&#8221;on&#8221; background_color_gradient_start=&#8221;rgba(150,105,97,0)&#8221; background_color_gradient_end=&#8221;rgba(2,0,76,0)&#8221; background_image=&#8221;https:\/\/realestate.rdassistance.com\/wp-content\/uploads\/2019\/12\/nattu-adnan-atSUvc1hMwk-unsplash-scaled.jpg&#8221; custom_margin=&#8221;|||&#8221; custom_padding=&#8221;10%||10%||true|&#8221; background_color_gradient_stops_tablet=&#8221;rgba(150,105,97,0) 0%|rgba(2,0,76,0) 100%&#8221; background_color_gradient_stops_phone=&#8221;rgba(150,105,97,0) 0%|rgba(2,0,76,0) 100%&#8221; saved_tabs=&#8221;all&#8221; global_colors_info=&#8221;{}&#8221;][et_pb_row _builder_version=&#8221;4.16&#8243; custom_margin=&#8221;|||&#8221; global_colors_info=&#8221;{}&#8221;][et_pb_column type=&#8221;4_4&#8243; _builder_version=&#8221;4.16&#8243; custom_padding=&#8221;|||&#8221; global_colors_info=&#8221;{}&#8221; custom_padding__hover=&#8221;|||&#8221;][et_pb_cta title=&#8221;INIZIA OGGI LA TUA RICERCA&#8221; button_url=&#8221;#&#8221; _builder_version=&#8221;4.16&#8243; header_font=&#8221;Lato|900||on|||||&#8221; header_font_size=&#8221;48px&#8221; header_letter_spacing=&#8221;2px&#8221; header_line_height=&#8221;1.2em&#8221; body_font=&#8221;Lato||||||||&#8221; body_font_size=&#8221;20px&#8221; body_line_height=&#8221;1.8em&#8221; use_background_color=&#8221;off&#8221; custom_button=&#8221;on&#8221; button_text_size=&#8221;16px&#8221; button_text_color=&#8221;#ffffff&#8221; button_bg_color=&#8221;#fa7f28&#8243; button_border_width=&#8221;6px&#8221; button_border_color=&#8221;#fa7f28&#8243; button_border_radius=&#8221;5px&#8221; button_letter_spacing=&#8221;2px&#8221; button_font=&#8221;Lato|900||on|||||&#8221; max_width=&#8221;750px&#8221; module_alignment=&#8221;center&#8221; custom_margin=&#8221;||-15px|||&#8221; header_font_size_tablet=&#8221;40px&#8221; header_font_size_phone=&#8221;&#8221; header_font_size_last_edited=&#8221;on|tablet&#8221; header_text_shadow_style=&#8221;preset1&#8243; header_text_shadow_blur_strength=&#8221;0.6em&#8221; header_text_shadow_color=&#8221;rgba(0,0,0,0.24)&#8221; box_shadow_style_button=&#8221;preset3&#8243; box_shadow_blur_button=&#8221;30px&#8221; box_shadow_spread_button=&#8221;8px&#8221; box_shadow_color_button=&#8221;rgba(250,127,40,0.15)&#8221; button_letter_spacing_hover=&#8221;2px&#8221; global_colors_info=&#8221;{}&#8221; button_text_size__hover_enabled=&#8221;off&#8221; button_one_text_size__hover_enabled=&#8221;off&#8221; button_two_text_size__hover_enabled=&#8221;off&#8221; button_text_color__hover_enabled=&#8221;off&#8221; button_one_text_color__hover_enabled=&#8221;off&#8221; button_two_text_color__hover_enabled=&#8221;off&#8221; button_border_width__hover_enabled=&#8221;off&#8221; button_one_border_width__hover_enabled=&#8221;off&#8221; button_two_border_width__hover_enabled=&#8221;off&#8221; button_border_color__hover_enabled=&#8221;off&#8221; button_one_border_color__hover_enabled=&#8221;off&#8221; button_two_border_color__hover_enabled=&#8221;off&#8221; button_border_radius__hover_enabled=&#8221;off&#8221; button_one_border_radius__hover_enabled=&#8221;off&#8221; button_two_border_radius__hover_enabled=&#8221;off&#8221; button_letter_spacing__hover_enabled=&#8221;on&#8221; button_letter_spacing__hover=&#8221;2px&#8221; button_one_letter_spacing__hover_enabled=&#8221;off&#8221; button_two_letter_spacing__hover_enabled=&#8221;off&#8221; button_bg_color__hover_enabled=&#8221;off&#8221; button_one_bg_color__hover_enabled=&#8221;off&#8221; button_two_bg_color__hover_enabled=&#8221;off&#8221;][\/et_pb_cta][\/et_pb_column][\/et_pb_row][\/et_pb_section]<\/p>\n","protected":false},"excerpt":{"rendered":"<p>Manutenzione &nbsp; Manutenzione della casa All&#8217;interno del nostro servizio multiplo, forniamo anche la manutenzione, un servizio affidabile e garantito \u00e8 ci\u00f2 che contraddistingue la nostra azienda, che \u00e8 la manutenzione ordinaria, la pulizia delle piscine, il rimodellamento, i problemi elettrici o idraulici e molto altro, con la garanzia di qualit\u00e0 ed efficienza dalle mani di [&hellip;]<\/p>\n","protected":false},"author":3,"featured_media":0,"parent":0,"menu_order":0,"comment_status":"closed","ping_status":"closed","template":"","meta":{"_et_pb_use_builder":"on","_et_pb_old_content":"","_et_gb_content_width":"","footnotes":""},"class_list":["post-976","page","type-page","status-publish","hentry"],"_links":{"self":[{"href":"https:\/\/www.realestate.rdassistance.com\/it\/wp-json\/wp\/v2\/pages\/976","targetHints":{"allow":["GET"]}}],"collection":[{"href":"https:\/\/www.realestate.rdassistance.com\/it\/wp-json\/wp\/v2\/pages"}],"about":[{"href":"https:\/\/www.realestate.rdassistance.com\/it\/wp-json\/wp\/v2\/types\/page"}],"author":[{"embeddable":true,"href":"https:\/\/www.realestate.rdassistance.com\/it\/wp-json\/wp\/v2\/users\/3"}],"replies":[{"embeddable":true,"href":"https:\/\/www.realestate.rdassistance.com\/it\/wp-json\/wp\/v2\/comments?post=976"}],"version-history":[{"count":46,"href":"https:\/\/www.realestate.rdassistance.com\/it\/wp-json\/wp\/v2\/pages\/976\/revisions"}],"predecessor-version":[{"id":4002,"href":"https:\/\/www.realestate.rdassistance.com\/it\/wp-json\/wp\/v2\/pages\/976\/revisions\/4002"}],"wp:attachment":[{"href":"https:\/\/www.realestate.rdassistance.com\/it\/wp-json\/wp\/v2\/media?parent=976"}],"curies":[{"name":"wp","href":"https:\/\/api.w.org\/{rel}","templated":true}]}}